{"id":27,"date":"2025-11-17T09:57:17","date_gmt":"2025-11-17T08:57:17","guid":{"rendered":"https:\/\/douglas-humblot.fr\/?page_id=27"},"modified":"2026-02-10T14:11:41","modified_gmt":"2026-02-10T13:11:41","slug":"contact","status":"publish","type":"page","link":"https:\/\/douglas-humblot.fr\/en\/contact\/","title":{"rendered":"Contact"},"content":{"rendered":"<form id=\"ajax-form\" class=\"ajax-form\" action=\"\">\r\n\r\n            <input type=\"hidden\" id=\"ajax-form-nonce\" name=\"ajax-form-nonce\" value=\"91716d02d6\"><input type=\"hidden\" name=\"_wp_http_referer\" value=\"\/en\/wp-json\/wp\/v2\/pages\/27\">            <input type=\"hidden\" name=\"form_timestamp\" value=\"1775817347\">\r\n\r\n            <div class=\"columns\">\r\n                <div class=\"column\">\r\n                    <div class=\"field\">\r\n                        <label class=\"label\" for=\"prenom\">First name *<\/label>\r\n                        <div class=\"control\">\r\n                            <input class=\"input required\" type=\"text\" name=\"prenom\" id=\"prenom\" placeholder=\"Your first name\" aria-required=\"true\" aria-describedby=\"prenom-error\">\r\n                            <span id=\"prenom-error\" class=\"error-message help\" role=\"alert\"><\/span>\r\n                        <\/div>\r\n                    <\/div>\r\n                <\/div>\r\n                <div class=\"column\">\r\n                    <div class=\"field\">\r\n                        <label class=\"label\" for=\"nom\">Name *<\/label>\r\n                        <div class=\"control\">\r\n                            <input class=\"input required\" type=\"text\" name=\"nom\" id=\"nom\" placeholder=\"Your name\" aria-required=\"true\" aria-describedby=\"nom-error\">\r\n                            <span id=\"nom-error\" class=\"error-message help\" role=\"alert\"><\/span>\r\n                        <\/div>\r\n                    <\/div>\r\n                <\/div>\r\n            <\/div>\r\n\r\n            <div class=\"columns\">\r\n                <div class=\"column\">\r\n                    <div class=\"field\">\r\n                        <label class=\"label\" for=\"telephone\">Phone *<\/label>\r\n                        <div class=\"control\">\r\n                            <input class=\"input required\" type=\"text\" name=\"telephone\" id=\"telephone\" placeholder=\"Your phone number\" aria-required=\"true\" aria-describedby=\"telephone-error\">\r\n                            <span id=\"telephone-error\" class=\"error-message help\" role=\"alert\"><\/span>\r\n                        <\/div>\r\n                    <\/div>\r\n                <\/div>\r\n                <div class=\"column\">\r\n                    <div class=\"field\">\r\n                        <label class=\"label\" for=\"email\">Email *<\/label>\r\n                        <div class=\"control\">\r\n                            <input class=\"input required\" type=\"email\" name=\"email\" id=\"email\" placeholder=\"Your Email\" aria-required=\"true\" aria-describedby=\"email-error\">\r\n                            <span id=\"email-error\" class=\"error-message help\" role=\"alert\"><\/span>\r\n                        <\/div>\r\n                    <\/div>\r\n                <\/div>\r\n            <\/div>\r\n\r\n                        <div class=\"field\">\r\n                <label class=\"label\" for=\"societe\">Company<\/label>\r\n                <div class=\"control\">\r\n                    <input class=\"input\" type=\"text\" name=\"societe\" id=\"societe\" placeholder=\"Your company\">\r\n                <\/div>\r\n            <\/div>\r\n            \r\n                        <div class=\"field\">\r\n                <label class=\"label\" for=\"objet\">Subject<\/label>\r\n                <div class=\"control\">\r\n                    <input class=\"input\" type=\"text\" name=\"objet\" id=\"objet\" placeholder=\"Subject of your message\" value=\"\">\r\n                <\/div>\r\n            <\/div>\r\n            \r\n            <div class=\"field\">\r\n                <label class=\"label\" for=\"message\">Message *<\/label>\r\n                <div class=\"control\">\r\n                    <textarea class=\"textarea required\" name=\"message\" id=\"message\" placeholder=\"Your message\" aria-required=\"true\" aria-describedby=\"message-error\"><\/textarea>\r\n                    <span id=\"message-error\" class=\"error-message help\" role=\"alert\"><\/span>\r\n                <\/div>\r\n            <\/div>\r\n\r\n            <!-- HoneyPot -->\r\n            <input class=\"input is-hidden\" type=\"text\" name=\"questionsecrete\" id=\"questionsecrete\" placeholder=\"Question secr\u00e8te\" tabindex=\"-1\" aria-hidden=\"true\">\r\n\r\n            <div class=\"field\">\r\n                <div id=\"ajax_response\" role=\"status\" aria-live=\"polite\"><\/div>\r\n            <\/div>\r\n\r\n            <div class=\"field\">\r\n                <div class=\"control\">\r\n                    <label class=\"checkbox\">\r\n                        <input type=\"checkbox\" name=\"rgpd\" id=\"rgpd\" aria-required=\"true\" aria-describedby=\"rgpd-error\">\r\n                        I agree that the information I have entered may be used to contact me *                    <\/label>\r\n                    <span id=\"rgpd-error\" class=\"error-message help\" role=\"alert\"><\/span>\r\n                <\/div>\r\n            <\/div>\r\n\r\n            <div class=\"field\">\r\n                <button class=\"button is-primary\" type=\"submit\" disabled aria-label=\"Submit the form\">Send<\/button>\r\n            <\/div>\r\n\r\n        <input type=\"hidden\" name=\"trp-form-language\" value=\"en\"\/><\/form>","protected":false},"excerpt":{"rendered":"","protected":false},"author":1,"featured_media":0,"parent":0,"menu_order":0,"comment_status":"closed","ping_status":"closed","template":"","meta":{"inline_featured_image":false,"footnotes":""},"class_list":["post-27","page","type-page","status-publish","hentry","no-thumbnail"],"yoast_head":"<!-- This site is optimized with the Yoast SEO plugin v27.3 - https:\/\/yoast.com\/product\/yoast-seo-wordpress\/ -->\n<title>Contactez - Humblot Global<\/title>\n<meta name=\"description\" content=\"Contactez Humblot Global pour toute question ou demande de devis. Notre \u00e9quipe est \u00e0 votre \u00e9coute pour vos projets de transport et logistique.\" \/>\n<meta name=\"robots\" content=\"index, follow, max-snippet:-1, max-image-preview:large, max-video-preview:-1\" \/>\n<link rel=\"canonical\" href=\"https:\/\/douglas-humblot.fr\/en\/contact\/\" \/>\n<meta property=\"og:locale\" content=\"en_GB\" \/>\n<meta property=\"og:type\" content=\"article\" \/>\n<meta property=\"og:title\" content=\"Contactez - Humblot Global\" \/>\n<meta property=\"og:description\" content=\"Contactez Humblot Global pour toute question ou demande de devis. Notre \u00e9quipe est \u00e0 votre \u00e9coute pour vos projets de transport et logistique.\" \/>\n<meta property=\"og:url\" content=\"https:\/\/douglas-humblot.fr\/en\/contact\/\" \/>\n<meta property=\"og:site_name\" content=\"Humblot Global\" \/>\n<meta property=\"article:modified_time\" content=\"2026-02-10T13:11:41+00:00\" \/>\n<meta name=\"twitter:card\" content=\"summary_large_image\" \/>\n<script type=\"application\/ld+json\" class=\"yoast-schema-graph\">{\"@context\":\"https:\\\/\\\/schema.org\",\"@graph\":[{\"@type\":\"WebPage\",\"@id\":\"https:\\\/\\\/douglas-humblot.fr\\\/contact\\\/\",\"url\":\"https:\\\/\\\/douglas-humblot.fr\\\/contact\\\/\",\"name\":\"Contactez - Humblot Global\",\"isPartOf\":{\"@id\":\"https:\\\/\\\/douglas-humblot.fr\\\/#website\"},\"datePublished\":\"2025-11-17T08:57:17+00:00\",\"dateModified\":\"2026-02-10T13:11:41+00:00\",\"description\":\"Contactez Humblot Global pour toute question ou demande de devis. Notre \u00e9quipe est \u00e0 votre \u00e9coute pour vos projets de transport et logistique.\",\"breadcrumb\":{\"@id\":\"https:\\\/\\\/douglas-humblot.fr\\\/contact\\\/#breadcrumb\"},\"inLanguage\":\"en-GB\",\"potentialAction\":[{\"@type\":\"ReadAction\",\"target\":[\"https:\\\/\\\/douglas-humblot.fr\\\/contact\\\/\"]}]},{\"@type\":\"BreadcrumbList\",\"@id\":\"https:\\\/\\\/douglas-humblot.fr\\\/contact\\\/#breadcrumb\",\"itemListElement\":[{\"@type\":\"ListItem\",\"position\":1,\"name\":\"Accueil\",\"item\":\"https:\\\/\\\/douglas-humblot.fr\\\/\"},{\"@type\":\"ListItem\",\"position\":2,\"name\":\"Contact\"}]},{\"@type\":\"WebSite\",\"@id\":\"https:\\\/\\\/douglas-humblot.fr\\\/#website\",\"url\":\"https:\\\/\\\/douglas-humblot.fr\\\/\",\"name\":\"Humblot Global\",\"description\":\"Affr\u00e8tement international\",\"publisher\":{\"@id\":\"https:\\\/\\\/douglas-humblot.fr\\\/#organization\"},\"alternateName\":\"Humblot Global\",\"potentialAction\":[{\"@type\":\"SearchAction\",\"target\":{\"@type\":\"EntryPoint\",\"urlTemplate\":\"https:\\\/\\\/douglas-humblot.fr\\\/?s={search_term_string}\"},\"query-input\":{\"@type\":\"PropertyValueSpecification\",\"valueRequired\":true,\"valueName\":\"search_term_string\"}}],\"inLanguage\":\"en-GB\"},{\"@type\":\"Organization\",\"@id\":\"https:\\\/\\\/douglas-humblot.fr\\\/#organization\",\"name\":\"Humblot Global\",\"alternateName\":\"Humblot Global\",\"url\":\"https:\\\/\\\/douglas-humblot.fr\\\/\",\"logo\":{\"@type\":\"ImageObject\",\"inLanguage\":\"en-GB\",\"@id\":\"https:\\\/\\\/douglas-humblot.fr\\\/#\\\/schema\\\/logo\\\/image\\\/\",\"url\":\"https:\\\/\\\/douglas-humblot.fr\\\/wp-content\\\/uploads\\\/logo-Humblot.svg\",\"contentUrl\":\"https:\\\/\\\/douglas-humblot.fr\\\/wp-content\\\/uploads\\\/logo-Humblot.svg\",\"caption\":\"Humblot Global\"},\"image\":{\"@id\":\"https:\\\/\\\/douglas-humblot.fr\\\/#\\\/schema\\\/logo\\\/image\\\/\"}}]}<\/script>\n<!-- \/ Yoast SEO plugin. -->","yoast_head_json":{"title":"Contactez - Humblot Global","description":"Contactez Humblot Global pour toute question ou demande de devis. Notre \u00e9quipe est \u00e0 votre \u00e9coute pour vos projets de transport et logistique.","robots":{"index":"index","follow":"follow","max-snippet":"max-snippet:-1","max-image-preview":"max-image-preview:large","max-video-preview":"max-video-preview:-1"},"canonical":"https:\/\/douglas-humblot.fr\/en\/contact\/","og_locale":"en_GB","og_type":"article","og_title":"Contactez - Humblot Global","og_description":"Contactez Humblot Global pour toute question ou demande de devis. Notre \u00e9quipe est \u00e0 votre \u00e9coute pour vos projets de transport et logistique.","og_url":"https:\/\/douglas-humblot.fr\/en\/contact\/","og_site_name":"Humblot Global","article_modified_time":"2026-02-10T13:11:41+00:00","twitter_card":"summary_large_image","schema":{"@context":"https:\/\/schema.org","@graph":[{"@type":"WebPage","@id":"https:\/\/douglas-humblot.fr\/contact\/","url":"https:\/\/douglas-humblot.fr\/contact\/","name":"Contactez - Humblot Global","isPartOf":{"@id":"https:\/\/douglas-humblot.fr\/#website"},"datePublished":"2025-11-17T08:57:17+00:00","dateModified":"2026-02-10T13:11:41+00:00","description":"Contactez Humblot Global pour toute question ou demande de devis. Notre \u00e9quipe est \u00e0 votre \u00e9coute pour vos projets de transport et logistique.","breadcrumb":{"@id":"https:\/\/douglas-humblot.fr\/contact\/#breadcrumb"},"inLanguage":"en-GB","potentialAction":[{"@type":"ReadAction","target":["https:\/\/douglas-humblot.fr\/contact\/"]}]},{"@type":"BreadcrumbList","@id":"https:\/\/douglas-humblot.fr\/contact\/#breadcrumb","itemListElement":[{"@type":"ListItem","position":1,"name":"Accueil","item":"https:\/\/douglas-humblot.fr\/"},{"@type":"ListItem","position":2,"name":"Contact"}]},{"@type":"WebSite","@id":"https:\/\/douglas-humblot.fr\/#website","url":"https:\/\/douglas-humblot.fr\/","name":"Humblot Global","description":"Affr\u00e8tement international","publisher":{"@id":"https:\/\/douglas-humblot.fr\/#organization"},"alternateName":"Humblot Global","potentialAction":[{"@type":"SearchAction","target":{"@type":"EntryPoint","urlTemplate":"https:\/\/douglas-humblot.fr\/?s={search_term_string}"},"query-input":{"@type":"PropertyValueSpecification","valueRequired":true,"valueName":"search_term_string"}}],"inLanguage":"en-GB"},{"@type":"Organization","@id":"https:\/\/douglas-humblot.fr\/#organization","name":"Humblot Global","alternateName":"Humblot Global","url":"https:\/\/douglas-humblot.fr\/","logo":{"@type":"ImageObject","inLanguage":"en-GB","@id":"https:\/\/douglas-humblot.fr\/#\/schema\/logo\/image\/","url":"https:\/\/douglas-humblot.fr\/wp-content\/uploads\/logo-Humblot.svg","contentUrl":"https:\/\/douglas-humblot.fr\/wp-content\/uploads\/logo-Humblot.svg","caption":"Humblot Global"},"image":{"@id":"https:\/\/douglas-humblot.fr\/#\/schema\/logo\/image\/"}}]}},"_links":{"self":[{"href":"https:\/\/douglas-humblot.fr\/en\/wp-json\/wp\/v2\/pages\/27","targetHints":{"allow":["GET"]}}],"collection":[{"href":"https:\/\/douglas-humblot.fr\/en\/wp-json\/wp\/v2\/pages"}],"about":[{"href":"https:\/\/douglas-humblot.fr\/en\/wp-json\/wp\/v2\/types\/page"}],"author":[{"embeddable":true,"href":"https:\/\/douglas-humblot.fr\/en\/wp-json\/wp\/v2\/users\/1"}],"replies":[{"embeddable":true,"href":"https:\/\/douglas-humblot.fr\/en\/wp-json\/wp\/v2\/comments?post=27"}],"version-history":[{"count":6,"href":"https:\/\/douglas-humblot.fr\/en\/wp-json\/wp\/v2\/pages\/27\/revisions"}],"predecessor-version":[{"id":53,"href":"https:\/\/douglas-humblot.fr\/en\/wp-json\/wp\/v2\/pages\/27\/revisions\/53"}],"wp:attachment":[{"href":"https:\/\/douglas-humblot.fr\/en\/wp-json\/wp\/v2\/media?parent=27"}],"curies":[{"name":"wp","href":"https:\/\/api.w.org\/{rel}","templated":true}]}}