{"id":25,"date":"2025-11-17T09:57:05","date_gmt":"2025-11-17T08:57:05","guid":{"rendered":"https:\/\/douglas-humblot.fr\/?page_id=25"},"modified":"2026-02-11T12:56:25","modified_gmt":"2026-02-11T11:56:25","slug":"services-specifiques-et-dedies","status":"publish","type":"page","link":"https:\/\/douglas-humblot.fr\/en\/nos-services\/services-specifiques-et-dedies\/","title":{"rendered":"Specific and dedicated services"},"content":{"rendered":"<p class=\"has-text-justified translation-block\">Beyond simple freight transport, HUMBLOT GLOBAL is your strategic partner for optimising your supply chain. Our range of complementary services \u2014 Chartering, Groupage, Storage and Express Transport \u2014 guarantees flexible, fast and cost-effective management of your flows, whether domestic or international.<\/p>\n\n\n\n<h2 class=\"wp-block-heading title has-text-primary is-size-3-desktop is-size-4-touch\">Express Transport : Our Response to Logistical Emergencies<\/h2>\n\n\n\n<p class=\"has-text-justified translation-block\">When time is of the essence, our <strong>Express Transport<\/strong> service guarantees maximum responsiveness. We eliminate transhipments and waiting times so that your urgent shipments reach their destination in the shortest possible time.<\/p>\n\n\n\n<h3 class=\"wp-block-heading title has-text-orange is-size-4-desktop is-size-5-touch\">Reliability of the Express Service<\/h3>\n\n\n\n<ul class=\"wp-block-list has-text-justified\">\n<li class=\"translation-block\"><strong>24\/7 emergency service:<\/strong> Immediate implementation of dedicated transport solutions for France and Europe.<\/li>\n\n\n\n<li class=\"translation-block\"><strong>Freight Security:<\/strong> Real-time tracking and proactive communication for every <strong>Express<\/strong> shipment.<\/li>\n\n\n\n<li class=\"translation-block\"><strong>Critical Freight:<\/strong> Ideal for spare parts, samples or time-sensitive deliveries, the <strong>Express<\/strong> service guarantees your commitment to your customers.<\/li>\n<\/ul>\n\n\n\n<h2 class=\"wp-block-heading title has-text-primary is-size-3-desktop is-size-4-touch\">Warehouse Storage and Logistics : Securing Your Goods<\/h2>\n\n\n\n<p class=\"has-text-justified translation-block\">Our storage solutions are the key to efficient logistics. We offer flexible warehousing to cushion stock fluctuations and optimise lead times before distribution.<\/p>\n\n\n\n<h3 class=\"wp-block-heading title has-text-orange is-size-4-desktop is-size-5-touch\">Secure Warehousing and Inventory Management<\/h3>\n\n\n\n<ul class=\"wp-block-list has-text-justified\">\n<li class=\"translation-block\"><strong>Secure Storage<\/strong> : Provision of strategically located warehouses for short- or long-term storage, with strict security and safety protocols.<\/li>\n\n\n\n<li class=\"translation-block\"><strong>Value-Added Services (VAS):<\/strong> Upstream and downstream logistics management, including picking, packing, kitting and order preparation.<\/li>\n\n\n\n<li class=\"translation-block\"><strong>Distribution Optimisation<\/strong> : Our storage service is directly connected to our road haulage networks for rapid departure to the last mile.<\/li>\n<\/ul>\n\n\n\n<h2 class=\"wp-block-heading title has-text-primary is-size-3-desktop is-size-4-touch\">Road Freight Chartering and Groupage : Cost Optimisation<\/h2>\n\n\n\n<p class=\"has-text-justified translation-block\">Chartering is our core business: our ability to mobilise the right carrier at the right price for each type of freight. Groupage is our cost-saving lever for your partial shipments.<\/p>\n\n\n\n<h3 class=\"wp-block-heading title has-text-orange is-size-4-desktop is-size-5-touch\">National and International Road Freight Forwarding<\/h3>\n\n\n\n<ul class=\"wp-block-list has-text-justified\">\n<li class=\"translation-block\"><strong>Freight brokerage<\/strong> : We put a large network of qualified carriers in competition with each other to find the best cost and delivery times for your FTL (full truckload) shipments.<\/li>\n\n\n\n<li class=\"translation-block\"><strong>Customised Solutions:<\/strong> Management of <strong>chartering<\/strong> for specific transport and <strong>road transport<\/strong> needs.<\/li>\n<\/ul>\n\n\n\n<h3 class=\"wp-block-heading title has-text-orange is-size-4-desktop is-size-5-touch\">Less-than-Truckload (LTL)<\/h3>\n\n\n\n<ul class=\"wp-block-list has-text-justified\">\n<li class=\"translation-block\"><strong>Road Groupage:<\/strong> Our <strong>LTL (Less Than Truckload) groupage service<\/strong> allows you to share the cost of a lorry, thereby reducing the price of your <strong>freight<\/strong> for small and medium volumes, without compromising on <strong>delivery reliability<\/strong>.<\/li>\n<\/ul>","protected":false},"excerpt":{"rendered":"<p>Au-del\u00e0 du simple transport de marchandises, HUMBLOT GLOBAL est votre partenaire strat\u00e9gique pour optimiser votre cha\u00eene logistique. Notre offre de services compl\u00e9mentaires \u2014 Affr\u00e8tement, Groupage, Stockage et Transport Express \u2014&#8230; <a class=\"read-more\" href=\"https:\/\/douglas-humblot.fr\/en\/nos-services\/services-specifiques-et-dedies\/\">Read more<\/a><\/p>","protected":false},"author":1,"featured_media":89,"parent":19,"menu_order":3,"comment_status":"closed","ping_status":"closed","template":"","meta":{"inline_featured_image":false,"footnotes":""},"class_list":["post-25","page","type-page","status-publish","has-post-thumbnail","hentry"],"yoast_head":"<!-- This site is optimized with the Yoast SEO plugin v27.3 - https:\/\/yoast.com\/product\/yoast-seo-wordpress\/ -->\n<title>Services Logistiques Sp\u00e9cifiques - Humblot Global<\/title>\n<meta name=\"description\" content=\"D\u00e9couvrez nos services logistiques sur mesure : transport express urgent, solutions de stockage s\u00e9curis\u00e9, affr\u00e8tement et groupage routier pour vos besoins sp\u00e9cifiques.\" \/>\n<meta name=\"robots\" content=\"index, follow, max-snippet:-1, max-image-preview:large, max-video-preview:-1\" \/>\n<link rel=\"canonical\" href=\"https:\/\/douglas-humblot.fr\/en\/nos-services\/services-specifiques-et-dedies\/\" \/>\n<meta property=\"og:locale\" content=\"en_GB\" \/>\n<meta property=\"og:type\" content=\"article\" \/>\n<meta property=\"og:title\" content=\"Services Logistiques Sp\u00e9cifiques - Humblot Global\" \/>\n<meta property=\"og:description\" content=\"D\u00e9couvrez nos services logistiques sur mesure : transport express urgent, solutions de stockage s\u00e9curis\u00e9, affr\u00e8tement et groupage routier pour vos besoins sp\u00e9cifiques.\" \/>\n<meta property=\"og:url\" content=\"https:\/\/douglas-humblot.fr\/en\/nos-services\/services-specifiques-et-dedies\/\" \/>\n<meta property=\"og:site_name\" content=\"Humblot Global\" \/>\n<meta property=\"article:modified_time\" content=\"2026-02-11T11:56:25+00:00\" \/>\n<meta property=\"og:image\" content=\"https:\/\/douglas-humblot.fr\/wp-content\/uploads\/ali-mkumbwa-DU2ybvshovg-unsplash.jpg\" \/>\n\t<meta property=\"og:image:width\" content=\"1920\" \/>\n\t<meta property=\"og:image:height\" content=\"1081\" \/>\n\t<meta property=\"og:image:type\" content=\"image\/jpeg\" \/>\n<meta name=\"twitter:card\" content=\"summary_large_image\" \/>\n<meta name=\"twitter:label1\" content=\"Estimated reading time\" \/>\n\t<meta name=\"twitter:data1\" content=\"3 minutes\" \/>\n<script type=\"application\/ld+json\" class=\"yoast-schema-graph\">{\"@context\":\"https:\\\/\\\/schema.org\",\"@graph\":[{\"@type\":\"WebPage\",\"@id\":\"https:\\\/\\\/douglas-humblot.fr\\\/nos-services\\\/services-specifiques-et-dedies\\\/\",\"url\":\"https:\\\/\\\/douglas-humblot.fr\\\/nos-services\\\/services-specifiques-et-dedies\\\/\",\"name\":\"Services Logistiques Sp\u00e9cifiques - Humblot Global\",\"isPartOf\":{\"@id\":\"https:\\\/\\\/douglas-humblot.fr\\\/#website\"},\"primaryImageOfPage\":{\"@id\":\"https:\\\/\\\/douglas-humblot.fr\\\/nos-services\\\/services-specifiques-et-dedies\\\/#primaryimage\"},\"image\":{\"@id\":\"https:\\\/\\\/douglas-humblot.fr\\\/nos-services\\\/services-specifiques-et-dedies\\\/#primaryimage\"},\"thumbnailUrl\":\"https:\\\/\\\/douglas-humblot.fr\\\/wp-content\\\/uploads\\\/ali-mkumbwa-DU2ybvshovg-unsplash.jpg\",\"datePublished\":\"2025-11-17T08:57:05+00:00\",\"dateModified\":\"2026-02-11T11:56:25+00:00\",\"description\":\"D\u00e9couvrez nos services logistiques sur mesure : transport express urgent, solutions de stockage s\u00e9curis\u00e9, affr\u00e8tement et groupage routier pour vos besoins sp\u00e9cifiques.\",\"breadcrumb\":{\"@id\":\"https:\\\/\\\/douglas-humblot.fr\\\/nos-services\\\/services-specifiques-et-dedies\\\/#breadcrumb\"},\"inLanguage\":\"en-GB\",\"potentialAction\":[{\"@type\":\"ReadAction\",\"target\":[\"https:\\\/\\\/douglas-humblot.fr\\\/nos-services\\\/services-specifiques-et-dedies\\\/\"]}]},{\"@type\":\"ImageObject\",\"inLanguage\":\"en-GB\",\"@id\":\"https:\\\/\\\/douglas-humblot.fr\\\/nos-services\\\/services-specifiques-et-dedies\\\/#primaryimage\",\"url\":\"https:\\\/\\\/douglas-humblot.fr\\\/wp-content\\\/uploads\\\/ali-mkumbwa-DU2ybvshovg-unsplash.jpg\",\"contentUrl\":\"https:\\\/\\\/douglas-humblot.fr\\\/wp-content\\\/uploads\\\/ali-mkumbwa-DU2ybvshovg-unsplash.jpg\",\"width\":1920,\"height\":1081,\"caption\":\"Services d\u00e9di\u00e9s\"},{\"@type\":\"BreadcrumbList\",\"@id\":\"https:\\\/\\\/douglas-humblot.fr\\\/nos-services\\\/services-specifiques-et-dedies\\\/#breadcrumb\",\"itemListElement\":[{\"@type\":\"ListItem\",\"position\":1,\"name\":\"Accueil\",\"item\":\"https:\\\/\\\/douglas-humblot.fr\\\/\"},{\"@type\":\"ListItem\",\"position\":2,\"name\":\"Nos services\",\"item\":\"https:\\\/\\\/douglas-humblot.fr\\\/nos-services\\\/\"},{\"@type\":\"ListItem\",\"position\":3,\"name\":\"Services sp\u00e9cifiques et d\u00e9di\u00e9s\"}]},{\"@type\":\"WebSite\",\"@id\":\"https:\\\/\\\/douglas-humblot.fr\\\/#website\",\"url\":\"https:\\\/\\\/douglas-humblot.fr\\\/\",\"name\":\"Humblot Global\",\"description\":\"Affr\u00e8tement international\",\"publisher\":{\"@id\":\"https:\\\/\\\/douglas-humblot.fr\\\/#organization\"},\"alternateName\":\"Humblot Global\",\"potentialAction\":[{\"@type\":\"SearchAction\",\"target\":{\"@type\":\"EntryPoint\",\"urlTemplate\":\"https:\\\/\\\/douglas-humblot.fr\\\/?s={search_term_string}\"},\"query-input\":{\"@type\":\"PropertyValueSpecification\",\"valueRequired\":true,\"valueName\":\"search_term_string\"}}],\"inLanguage\":\"en-GB\"},{\"@type\":\"Organization\",\"@id\":\"https:\\\/\\\/douglas-humblot.fr\\\/#organization\",\"name\":\"Humblot Global\",\"alternateName\":\"Humblot Global\",\"url\":\"https:\\\/\\\/douglas-humblot.fr\\\/\",\"logo\":{\"@type\":\"ImageObject\",\"inLanguage\":\"en-GB\",\"@id\":\"https:\\\/\\\/douglas-humblot.fr\\\/#\\\/schema\\\/logo\\\/image\\\/\",\"url\":\"https:\\\/\\\/douglas-humblot.fr\\\/wp-content\\\/uploads\\\/logo-Humblot.svg\",\"contentUrl\":\"https:\\\/\\\/douglas-humblot.fr\\\/wp-content\\\/uploads\\\/logo-Humblot.svg\",\"caption\":\"Humblot Global\"},\"image\":{\"@id\":\"https:\\\/\\\/douglas-humblot.fr\\\/#\\\/schema\\\/logo\\\/image\\\/\"}}]}<\/script>\n<!-- \/ Yoast SEO plugin. -->","yoast_head_json":{"title":"Services Logistiques Sp\u00e9cifiques - Humblot Global","description":"D\u00e9couvrez nos services logistiques sur mesure : transport express urgent, solutions de stockage s\u00e9curis\u00e9, affr\u00e8tement et groupage routier pour vos besoins sp\u00e9cifiques.","robots":{"index":"index","follow":"follow","max-snippet":"max-snippet:-1","max-image-preview":"max-image-preview:large","max-video-preview":"max-video-preview:-1"},"canonical":"https:\/\/douglas-humblot.fr\/en\/nos-services\/services-specifiques-et-dedies\/","og_locale":"en_GB","og_type":"article","og_title":"Services Logistiques Sp\u00e9cifiques - Humblot Global","og_description":"D\u00e9couvrez nos services logistiques sur mesure : transport express urgent, solutions de stockage s\u00e9curis\u00e9, affr\u00e8tement et groupage routier pour vos besoins sp\u00e9cifiques.","og_url":"https:\/\/douglas-humblot.fr\/en\/nos-services\/services-specifiques-et-dedies\/","og_site_name":"Humblot Global","article_modified_time":"2026-02-11T11:56:25+00:00","og_image":[{"width":1920,"height":1081,"url":"https:\/\/douglas-humblot.fr\/wp-content\/uploads\/ali-mkumbwa-DU2ybvshovg-unsplash.jpg","type":"image\/jpeg"}],"twitter_card":"summary_large_image","twitter_misc":{"Estimated reading time":"3 minutes"},"schema":{"@context":"https:\/\/schema.org","@graph":[{"@type":"WebPage","@id":"https:\/\/douglas-humblot.fr\/nos-services\/services-specifiques-et-dedies\/","url":"https:\/\/douglas-humblot.fr\/nos-services\/services-specifiques-et-dedies\/","name":"Services Logistiques Sp\u00e9cifiques - Humblot Global","isPartOf":{"@id":"https:\/\/douglas-humblot.fr\/#website"},"primaryImageOfPage":{"@id":"https:\/\/douglas-humblot.fr\/nos-services\/services-specifiques-et-dedies\/#primaryimage"},"image":{"@id":"https:\/\/douglas-humblot.fr\/nos-services\/services-specifiques-et-dedies\/#primaryimage"},"thumbnailUrl":"https:\/\/douglas-humblot.fr\/wp-content\/uploads\/ali-mkumbwa-DU2ybvshovg-unsplash.jpg","datePublished":"2025-11-17T08:57:05+00:00","dateModified":"2026-02-11T11:56:25+00:00","description":"D\u00e9couvrez nos services logistiques sur mesure : transport express urgent, solutions de stockage s\u00e9curis\u00e9, affr\u00e8tement et groupage routier pour vos besoins sp\u00e9cifiques.","breadcrumb":{"@id":"https:\/\/douglas-humblot.fr\/nos-services\/services-specifiques-et-dedies\/#breadcrumb"},"inLanguage":"en-GB","potentialAction":[{"@type":"ReadAction","target":["https:\/\/douglas-humblot.fr\/nos-services\/services-specifiques-et-dedies\/"]}]},{"@type":"ImageObject","inLanguage":"en-GB","@id":"https:\/\/douglas-humblot.fr\/nos-services\/services-specifiques-et-dedies\/#primaryimage","url":"https:\/\/douglas-humblot.fr\/wp-content\/uploads\/ali-mkumbwa-DU2ybvshovg-unsplash.jpg","contentUrl":"https:\/\/douglas-humblot.fr\/wp-content\/uploads\/ali-mkumbwa-DU2ybvshovg-unsplash.jpg","width":1920,"height":1081,"caption":"Services d\u00e9di\u00e9s"},{"@type":"BreadcrumbList","@id":"https:\/\/douglas-humblot.fr\/nos-services\/services-specifiques-et-dedies\/#breadcrumb","itemListElement":[{"@type":"ListItem","position":1,"name":"Accueil","item":"https:\/\/douglas-humblot.fr\/"},{"@type":"ListItem","position":2,"name":"Nos services","item":"https:\/\/douglas-humblot.fr\/nos-services\/"},{"@type":"ListItem","position":3,"name":"Services sp\u00e9cifiques et d\u00e9di\u00e9s"}]},{"@type":"WebSite","@id":"https:\/\/douglas-humblot.fr\/#website","url":"https:\/\/douglas-humblot.fr\/","name":"Humblot Global","description":"Affr\u00e8tement international","publisher":{"@id":"https:\/\/douglas-humblot.fr\/#organization"},"alternateName":"Humblot Global","potentialAction":[{"@type":"SearchAction","target":{"@type":"EntryPoint","urlTemplate":"https:\/\/douglas-humblot.fr\/?s={search_term_string}"},"query-input":{"@type":"PropertyValueSpecification","valueRequired":true,"valueName":"search_term_string"}}],"inLanguage":"en-GB"},{"@type":"Organization","@id":"https:\/\/douglas-humblot.fr\/#organization","name":"Humblot Global","alternateName":"Humblot Global","url":"https:\/\/douglas-humblot.fr\/","logo":{"@type":"ImageObject","inLanguage":"en-GB","@id":"https:\/\/douglas-humblot.fr\/#\/schema\/logo\/image\/","url":"https:\/\/douglas-humblot.fr\/wp-content\/uploads\/logo-Humblot.svg","contentUrl":"https:\/\/douglas-humblot.fr\/wp-content\/uploads\/logo-Humblot.svg","caption":"Humblot Global"},"image":{"@id":"https:\/\/douglas-humblot.fr\/#\/schema\/logo\/image\/"}}]}},"_links":{"self":[{"href":"https:\/\/douglas-humblot.fr\/en\/wp-json\/wp\/v2\/pages\/25","targetHints":{"allow":["GET"]}}],"collection":[{"href":"https:\/\/douglas-humblot.fr\/en\/wp-json\/wp\/v2\/pages"}],"about":[{"href":"https:\/\/douglas-humblot.fr\/en\/wp-json\/wp\/v2\/types\/page"}],"author":[{"embeddable":true,"href":"https:\/\/douglas-humblot.fr\/en\/wp-json\/wp\/v2\/users\/1"}],"replies":[{"embeddable":true,"href":"https:\/\/douglas-humblot.fr\/en\/wp-json\/wp\/v2\/comments?post=25"}],"version-history":[{"count":4,"href":"https:\/\/douglas-humblot.fr\/en\/wp-json\/wp\/v2\/pages\/25\/revisions"}],"predecessor-version":[{"id":167,"href":"https:\/\/douglas-humblot.fr\/en\/wp-json\/wp\/v2\/pages\/25\/revisions\/167"}],"up":[{"embeddable":true,"href":"https:\/\/douglas-humblot.fr\/en\/wp-json\/wp\/v2\/pages\/19"}],"wp:featuredmedia":[{"embeddable":true,"href":"https:\/\/douglas-humblot.fr\/en\/wp-json\/wp\/v2\/media\/89"}],"wp:attachment":[{"href":"https:\/\/douglas-humblot.fr\/en\/wp-json\/wp\/v2\/media?parent=25"}],"curies":[{"name":"wp","href":"https:\/\/api.w.org\/{rel}","templated":true}]}}