{"id":23,"date":"2025-11-17T09:56:48","date_gmt":"2025-11-17T08:56:48","guid":{"rendered":"https:\/\/douglas-humblot.fr\/?page_id=23"},"modified":"2026-02-11T12:55:55","modified_gmt":"2026-02-11T11:55:55","slug":"transport-maritime-aerien-ferroviaire","status":"publish","type":"page","link":"https:\/\/douglas-humblot.fr\/en\/nos-services\/transport-maritime-aerien-ferroviaire\/","title":{"rendered":"Sea, air and rail transport"},"content":{"rendered":"<p class=\"has-text-justified translation-block\">International freight transport is at the heart of your supply chain. At HUMBLOT GLOBAL, we are your authorised freight forwarder, specialising in optimising and securing your <strong>sea and air freight<\/strong> worldwide. From import to export, our expertise ensures that your goods arrive at their destination on time and in the expected condition, anywhere <strong>in the world<\/strong>.<\/p>\n\n\n\n<h2 class=\"wp-block-heading title has-text-primary is-size-3-desktop is-size-4-touch\">Maritime Freight Transport : Flexibility and Global Coverage<\/h2>\n\n\n\n<p class=\"has-text-justified\">We manage all your sea freight shipments, regardless of size. Our global network and partnerships with leading shipping companies (NVOCCs) ensure consistent freight capacity and competitive solutions.<\/p>\n\n\n\n<h3 class=\"wp-block-heading title has-text-orange is-size-4-desktop is-size-5-touch\"><strong>Key Services in Sea Freight :<\/strong><\/h3>\n\n\n\n<ul class=\"wp-block-list has-text-justified\">\n<li class=\"translation-block\"><strong>FCL (Full Container Load):<\/strong> Management of your full containers (20\u2032, 40\u2032, High Cube, Reefer) from port to port or door to door. We optimise the choice of shipping routes to minimise costs and transit time.<\/li>\n\n\n\n<li class=\"translation-block\">LCL (Less than Container Load) &amp; Groupage: Our <strong>sea freight groupage<\/strong> service allows you to ship small volumes without having to hire an entire container. Ideal for reducing costs and improving logistical efficiency.<\/li>\n\n\n\n<li class=\"translation-block\"><strong>Security and Tracking:<\/strong> Complete visibility of your <strong>sea freight<\/strong> route, from loading to unloading.<\/li>\n<\/ul>\n\n\n\n<h2 class=\"wp-block-heading title has-text-primary is-size-3-desktop is-size-4-touch\">Air Freight Transport: Speed and Reliability for Your Urgent Deliveries<\/h2>\n\n\n\n<p class=\"has-text-justified\">Lorsque le temps est un facteur critique, le <strong>transport fret a\u00e9rien<\/strong> est la solution privil\u00e9gi\u00e9e. Notre statut d\u2019agent de fret nous permet de garantir des exp\u00e9ditions rapides et fiables pour vos marchandises urgentes ou \u00e0 haute valeur.<\/p>\n\n\n\n<h3 class=\"wp-block-heading title has-text-orange is-size-4-desktop is-size-5-touch\"><strong>Key Air Freight Services :<\/strong><\/h3>\n\n\n\n<ul class=\"wp-block-list has-text-justified\">\n<li class=\"translation-block\"><strong>Express and Standard Shipping:<\/strong> From urgent delivery of spare parts to standard transport, we tailor our service to your deadline and budget requirements.<\/li>\n\n\n\n<li class=\"translation-block\"><strong>Special Shipment Management:<\/strong> Expertise in the freight transport of dangerous goods, perishable goods (temperature-controlled) and oversized goods.<\/li>\n\n\n\n<li class=\"translation-block\"><strong>Supply Chain Optimisation:<\/strong> We ensure seamless coordination between CDG, LYS and MRS airports, the main airports in France, and your production or storage site.<\/li>\n<\/ul>\n\n\n\n<h2 class=\"wp-block-heading title has-text-primary is-size-3-desktop is-size-4-touch\">Essential Complementary Logistics Services<\/h2>\n\n\n\n<p class=\"has-text-justified translation-block\">The success of your international transit depends on much more than just transport. We secure the entire process with high value-added services:<\/p>\n\n\n\n<ul class=\"wp-block-list has-text-justified\">\n<li class=\"translation-block\">Import and Export Customs Clearance: Comprehensive handling of your customs declarations, tariff classification (HS Code) and regulatory formalities, ensuring full compliance in Europe and worldwide.<\/li>\n\n\n\n<li class=\"translation-block\">Cargo insurance: Protection for your goods against the risks inherent in international freight.<\/li>\n\n\n\n<li class=\"translation-block\"><strong>Complete Logistics:<\/strong> Warehousing, distribution and inventory management services, creating an end-to-end logistics solution.<\/li>\n<\/ul>","protected":false},"excerpt":{"rendered":"<p>Le transport international de marchandises est au c\u0153ur de votre cha\u00eene d\u2019approvisionnement. Chez HUMBLOT GLOBAL, nous sommes votre transitaire agr\u00e9\u00e9, sp\u00e9cialis\u00e9 dans l\u2019optimisation et la s\u00e9curisation de votre fret maritime&#8230; <a class=\"read-more\" href=\"https:\/\/douglas-humblot.fr\/en\/nos-services\/transport-maritime-aerien-ferroviaire\/\">Read more<\/a><\/p>","protected":false},"author":1,"featured_media":88,"parent":19,"menu_order":1,"comment_status":"closed","ping_status":"closed","template":"","meta":{"inline_featured_image":false,"footnotes":""},"class_list":["post-23","page","type-page","status-publish","has-post-thumbnail","hentry"],"yoast_head":"<!-- This site is optimized with the Yoast SEO plugin v27.3 - https:\/\/yoast.com\/product\/yoast-seo-wordpress\/ -->\n<title>Fret Maritime, A\u00e9rien &amp; Ferroviaire - Humblot Global<\/title>\n<meta name=\"description\" content=\"Optimisez votre fret international avec Humblot Global : transport maritime (FCL, LCL ), a\u00e9rien (express) et ferroviaire. D\u00e9douanement et logistique compl\u00e8te.\" \/>\n<meta name=\"robots\" content=\"index, follow, max-snippet:-1, max-image-preview:large, max-video-preview:-1\" \/>\n<link rel=\"canonical\" href=\"https:\/\/douglas-humblot.fr\/en\/nos-services\/transport-maritime-aerien-ferroviaire\/\" \/>\n<meta property=\"og:locale\" content=\"en_GB\" \/>\n<meta property=\"og:type\" content=\"article\" \/>\n<meta property=\"og:title\" content=\"Fret Maritime, A\u00e9rien &amp; Ferroviaire - Humblot Global\" \/>\n<meta property=\"og:description\" content=\"Optimisez votre fret international avec Humblot Global : transport maritime (FCL, LCL ), a\u00e9rien (express) et ferroviaire. D\u00e9douanement et logistique compl\u00e8te.\" \/>\n<meta property=\"og:url\" content=\"https:\/\/douglas-humblot.fr\/en\/nos-services\/transport-maritime-aerien-ferroviaire\/\" \/>\n<meta property=\"og:site_name\" content=\"Humblot Global\" \/>\n<meta property=\"article:modified_time\" content=\"2026-02-11T11:55:55+00:00\" \/>\n<meta property=\"og:image\" content=\"https:\/\/douglas-humblot.fr\/wp-content\/uploads\/william-william-NndKt2kF1L4-unsplash.jpg\" \/>\n\t<meta property=\"og:image:width\" content=\"1920\" \/>\n\t<meta property=\"og:image:height\" content=\"1281\" \/>\n\t<meta property=\"og:image:type\" content=\"image\/jpeg\" \/>\n<meta name=\"twitter:card\" content=\"summary_large_image\" \/>\n<meta name=\"twitter:label1\" content=\"Estimated reading time\" \/>\n\t<meta name=\"twitter:data1\" content=\"3 minutes\" \/>\n<script type=\"application\/ld+json\" class=\"yoast-schema-graph\">{\"@context\":\"https:\\\/\\\/schema.org\",\"@graph\":[{\"@type\":\"WebPage\",\"@id\":\"https:\\\/\\\/douglas-humblot.fr\\\/nos-services\\\/transport-maritime-aerien-ferroviaire\\\/\",\"url\":\"https:\\\/\\\/douglas-humblot.fr\\\/nos-services\\\/transport-maritime-aerien-ferroviaire\\\/\",\"name\":\"Fret Maritime, A\u00e9rien & Ferroviaire - Humblot Global\",\"isPartOf\":{\"@id\":\"https:\\\/\\\/douglas-humblot.fr\\\/#website\"},\"primaryImageOfPage\":{\"@id\":\"https:\\\/\\\/douglas-humblot.fr\\\/nos-services\\\/transport-maritime-aerien-ferroviaire\\\/#primaryimage\"},\"image\":{\"@id\":\"https:\\\/\\\/douglas-humblot.fr\\\/nos-services\\\/transport-maritime-aerien-ferroviaire\\\/#primaryimage\"},\"thumbnailUrl\":\"https:\\\/\\\/douglas-humblot.fr\\\/wp-content\\\/uploads\\\/william-william-NndKt2kF1L4-unsplash.jpg\",\"datePublished\":\"2025-11-17T08:56:48+00:00\",\"dateModified\":\"2026-02-11T11:55:55+00:00\",\"description\":\"Optimisez votre fret international avec Humblot Global : transport maritime (FCL, LCL ), a\u00e9rien (express) et ferroviaire. D\u00e9douanement et logistique compl\u00e8te.\",\"breadcrumb\":{\"@id\":\"https:\\\/\\\/douglas-humblot.fr\\\/nos-services\\\/transport-maritime-aerien-ferroviaire\\\/#breadcrumb\"},\"inLanguage\":\"en-GB\",\"potentialAction\":[{\"@type\":\"ReadAction\",\"target\":[\"https:\\\/\\\/douglas-humblot.fr\\\/nos-services\\\/transport-maritime-aerien-ferroviaire\\\/\"]}]},{\"@type\":\"ImageObject\",\"inLanguage\":\"en-GB\",\"@id\":\"https:\\\/\\\/douglas-humblot.fr\\\/nos-services\\\/transport-maritime-aerien-ferroviaire\\\/#primaryimage\",\"url\":\"https:\\\/\\\/douglas-humblot.fr\\\/wp-content\\\/uploads\\\/william-william-NndKt2kF1L4-unsplash.jpg\",\"contentUrl\":\"https:\\\/\\\/douglas-humblot.fr\\\/wp-content\\\/uploads\\\/william-william-NndKt2kF1L4-unsplash.jpg\",\"width\":1920,\"height\":1281,\"caption\":\"Transport maritime\"},{\"@type\":\"BreadcrumbList\",\"@id\":\"https:\\\/\\\/douglas-humblot.fr\\\/nos-services\\\/transport-maritime-aerien-ferroviaire\\\/#breadcrumb\",\"itemListElement\":[{\"@type\":\"ListItem\",\"position\":1,\"name\":\"Accueil\",\"item\":\"https:\\\/\\\/douglas-humblot.fr\\\/\"},{\"@type\":\"ListItem\",\"position\":2,\"name\":\"Nos services\",\"item\":\"https:\\\/\\\/douglas-humblot.fr\\\/nos-services\\\/\"},{\"@type\":\"ListItem\",\"position\":3,\"name\":\"Transport maritime, a\u00e9rien et ferroviaire\"}]},{\"@type\":\"WebSite\",\"@id\":\"https:\\\/\\\/douglas-humblot.fr\\\/#website\",\"url\":\"https:\\\/\\\/douglas-humblot.fr\\\/\",\"name\":\"Humblot Global\",\"description\":\"Affr\u00e8tement international\",\"publisher\":{\"@id\":\"https:\\\/\\\/douglas-humblot.fr\\\/#organization\"},\"alternateName\":\"Humblot Global\",\"potentialAction\":[{\"@type\":\"SearchAction\",\"target\":{\"@type\":\"EntryPoint\",\"urlTemplate\":\"https:\\\/\\\/douglas-humblot.fr\\\/?s={search_term_string}\"},\"query-input\":{\"@type\":\"PropertyValueSpecification\",\"valueRequired\":true,\"valueName\":\"search_term_string\"}}],\"inLanguage\":\"en-GB\"},{\"@type\":\"Organization\",\"@id\":\"https:\\\/\\\/douglas-humblot.fr\\\/#organization\",\"name\":\"Humblot Global\",\"alternateName\":\"Humblot Global\",\"url\":\"https:\\\/\\\/douglas-humblot.fr\\\/\",\"logo\":{\"@type\":\"ImageObject\",\"inLanguage\":\"en-GB\",\"@id\":\"https:\\\/\\\/douglas-humblot.fr\\\/#\\\/schema\\\/logo\\\/image\\\/\",\"url\":\"https:\\\/\\\/douglas-humblot.fr\\\/wp-content\\\/uploads\\\/logo-Humblot.svg\",\"contentUrl\":\"https:\\\/\\\/douglas-humblot.fr\\\/wp-content\\\/uploads\\\/logo-Humblot.svg\",\"caption\":\"Humblot Global\"},\"image\":{\"@id\":\"https:\\\/\\\/douglas-humblot.fr\\\/#\\\/schema\\\/logo\\\/image\\\/\"}}]}<\/script>\n<!-- \/ Yoast SEO plugin. -->","yoast_head_json":{"title":"Fret Maritime, A\u00e9rien & Ferroviaire - Humblot Global","description":"Optimisez votre fret international avec Humblot Global : transport maritime (FCL, LCL ), a\u00e9rien (express) et ferroviaire. D\u00e9douanement et logistique compl\u00e8te.","robots":{"index":"index","follow":"follow","max-snippet":"max-snippet:-1","max-image-preview":"max-image-preview:large","max-video-preview":"max-video-preview:-1"},"canonical":"https:\/\/douglas-humblot.fr\/en\/nos-services\/transport-maritime-aerien-ferroviaire\/","og_locale":"en_GB","og_type":"article","og_title":"Fret Maritime, A\u00e9rien & Ferroviaire - Humblot Global","og_description":"Optimisez votre fret international avec Humblot Global : transport maritime (FCL, LCL ), a\u00e9rien (express) et ferroviaire. D\u00e9douanement et logistique compl\u00e8te.","og_url":"https:\/\/douglas-humblot.fr\/en\/nos-services\/transport-maritime-aerien-ferroviaire\/","og_site_name":"Humblot Global","article_modified_time":"2026-02-11T11:55:55+00:00","og_image":[{"width":1920,"height":1281,"url":"https:\/\/douglas-humblot.fr\/wp-content\/uploads\/william-william-NndKt2kF1L4-unsplash.jpg","type":"image\/jpeg"}],"twitter_card":"summary_large_image","twitter_misc":{"Estimated reading time":"3 minutes"},"schema":{"@context":"https:\/\/schema.org","@graph":[{"@type":"WebPage","@id":"https:\/\/douglas-humblot.fr\/nos-services\/transport-maritime-aerien-ferroviaire\/","url":"https:\/\/douglas-humblot.fr\/nos-services\/transport-maritime-aerien-ferroviaire\/","name":"Fret Maritime, A\u00e9rien & Ferroviaire - Humblot Global","isPartOf":{"@id":"https:\/\/douglas-humblot.fr\/#website"},"primaryImageOfPage":{"@id":"https:\/\/douglas-humblot.fr\/nos-services\/transport-maritime-aerien-ferroviaire\/#primaryimage"},"image":{"@id":"https:\/\/douglas-humblot.fr\/nos-services\/transport-maritime-aerien-ferroviaire\/#primaryimage"},"thumbnailUrl":"https:\/\/douglas-humblot.fr\/wp-content\/uploads\/william-william-NndKt2kF1L4-unsplash.jpg","datePublished":"2025-11-17T08:56:48+00:00","dateModified":"2026-02-11T11:55:55+00:00","description":"Optimisez votre fret international avec Humblot Global : transport maritime (FCL, LCL ), a\u00e9rien (express) et ferroviaire. D\u00e9douanement et logistique compl\u00e8te.","breadcrumb":{"@id":"https:\/\/douglas-humblot.fr\/nos-services\/transport-maritime-aerien-ferroviaire\/#breadcrumb"},"inLanguage":"en-GB","potentialAction":[{"@type":"ReadAction","target":["https:\/\/douglas-humblot.fr\/nos-services\/transport-maritime-aerien-ferroviaire\/"]}]},{"@type":"ImageObject","inLanguage":"en-GB","@id":"https:\/\/douglas-humblot.fr\/nos-services\/transport-maritime-aerien-ferroviaire\/#primaryimage","url":"https:\/\/douglas-humblot.fr\/wp-content\/uploads\/william-william-NndKt2kF1L4-unsplash.jpg","contentUrl":"https:\/\/douglas-humblot.fr\/wp-content\/uploads\/william-william-NndKt2kF1L4-unsplash.jpg","width":1920,"height":1281,"caption":"Transport maritime"},{"@type":"BreadcrumbList","@id":"https:\/\/douglas-humblot.fr\/nos-services\/transport-maritime-aerien-ferroviaire\/#breadcrumb","itemListElement":[{"@type":"ListItem","position":1,"name":"Accueil","item":"https:\/\/douglas-humblot.fr\/"},{"@type":"ListItem","position":2,"name":"Nos services","item":"https:\/\/douglas-humblot.fr\/nos-services\/"},{"@type":"ListItem","position":3,"name":"Transport maritime, a\u00e9rien et ferroviaire"}]},{"@type":"WebSite","@id":"https:\/\/douglas-humblot.fr\/#website","url":"https:\/\/douglas-humblot.fr\/","name":"Humblot Global","description":"Affr\u00e8tement international","publisher":{"@id":"https:\/\/douglas-humblot.fr\/#organization"},"alternateName":"Humblot Global","potentialAction":[{"@type":"SearchAction","target":{"@type":"EntryPoint","urlTemplate":"https:\/\/douglas-humblot.fr\/?s={search_term_string}"},"query-input":{"@type":"PropertyValueSpecification","valueRequired":true,"valueName":"search_term_string"}}],"inLanguage":"en-GB"},{"@type":"Organization","@id":"https:\/\/douglas-humblot.fr\/#organization","name":"Humblot Global","alternateName":"Humblot Global","url":"https:\/\/douglas-humblot.fr\/","logo":{"@type":"ImageObject","inLanguage":"en-GB","@id":"https:\/\/douglas-humblot.fr\/#\/schema\/logo\/image\/","url":"https:\/\/douglas-humblot.fr\/wp-content\/uploads\/logo-Humblot.svg","contentUrl":"https:\/\/douglas-humblot.fr\/wp-content\/uploads\/logo-Humblot.svg","caption":"Humblot Global"},"image":{"@id":"https:\/\/douglas-humblot.fr\/#\/schema\/logo\/image\/"}}]}},"_links":{"self":[{"href":"https:\/\/douglas-humblot.fr\/en\/wp-json\/wp\/v2\/pages\/23","targetHints":{"allow":["GET"]}}],"collection":[{"href":"https:\/\/douglas-humblot.fr\/en\/wp-json\/wp\/v2\/pages"}],"about":[{"href":"https:\/\/douglas-humblot.fr\/en\/wp-json\/wp\/v2\/types\/page"}],"author":[{"embeddable":true,"href":"https:\/\/douglas-humblot.fr\/en\/wp-json\/wp\/v2\/users\/1"}],"replies":[{"embeddable":true,"href":"https:\/\/douglas-humblot.fr\/en\/wp-json\/wp\/v2\/comments?post=23"}],"version-history":[{"count":7,"href":"https:\/\/douglas-humblot.fr\/en\/wp-json\/wp\/v2\/pages\/23\/revisions"}],"predecessor-version":[{"id":164,"href":"https:\/\/douglas-humblot.fr\/en\/wp-json\/wp\/v2\/pages\/23\/revisions\/164"}],"up":[{"embeddable":true,"href":"https:\/\/douglas-humblot.fr\/en\/wp-json\/wp\/v2\/pages\/19"}],"wp:featuredmedia":[{"embeddable":true,"href":"https:\/\/douglas-humblot.fr\/en\/wp-json\/wp\/v2\/media\/88"}],"wp:attachment":[{"href":"https:\/\/douglas-humblot.fr\/en\/wp-json\/wp\/v2\/media?parent=23"}],"curies":[{"name":"wp","href":"https:\/\/api.w.org\/{rel}","templated":true}]}}