{"id":21,"date":"2025-11-17T09:56:33","date_gmt":"2025-11-17T08:56:33","guid":{"rendered":"https:\/\/douglas-humblot.fr\/?page_id=21"},"modified":"2026-02-12T15:19:11","modified_gmt":"2026-02-12T14:19:11","slug":"transport-routier","status":"publish","type":"page","link":"https:\/\/douglas-humblot.fr\/en\/nos-services\/transport-routier\/","title":{"rendered":"Road transport"},"content":{"rendered":"<p class=\"has-text-justified translation-block\">Road freight transport is the lifeblood of the modern supply chain. To ensure the efficiency of your logistics in France and internationally, you need a partner with extensive expertise in road freight. At ADH, we specialise in road freight and offer reliable, secure and optimised door-to-door solutions.<\/p>\n\n\n\n<h2 class=\"wp-block-heading title has-text-primary is-size-3-desktop is-size-4-touch\">National Road Transport: Performance and Last Mile Delivery<\/h2>\n\n\n\n<p class=\"has-text-justified translation-block\">We provide comprehensive coverage for <strong>domestic road transport<\/strong>, from the factory to the end consumer, with unrivalled responsiveness throughout France.<\/p>\n\n\n\n<h3 class=\"wp-block-heading title has-text-orange is-size-4-desktop is-size-5-touch\">FTL and LTL Solutions for National Transport<\/h3>\n\n\n\n<ul class=\"wp-block-list has-text-justified\">\n<li class=\"translation-block\"><strong>FTL (Full Truck Load) transport:<\/strong> The <strong>Full Load<\/strong> service guarantees you an exclusive vehicle and direct delivery times for your large volumes. A fast solution to optimise your <strong>domestic logistics<\/strong>.<\/li>\n\n\n\n<li class=\"translation-block\"><strong>LTL (Less Than Truck Load) Consolidation and Parcel Delivery:<\/strong> Reduce your costs with our <strong>Partial Load<\/strong> service. We consolidate your <strong>road freight<\/strong> shipments while meeting your deadline requirements and <strong>last mile delivery<\/strong> needs.<\/li>\n<\/ul>\n\n\n\n<h2 class=\"wp-block-heading title has-text-primary is-size-3-desktop is-size-4-touch\">International and European Road Freight: Without Borders<\/h2>\n\n\n\n<p class=\"has-text-justified translation-block\">Our expertise extends beyond borders, making us your preferred partner for international road freight and European trade.<\/p>\n\n\n\n<h3 class=\"wp-block-heading title has-text-orange is-size-4-desktop is-size-5-touch\">International Road Freight: Connecting Europe<\/h3>\n\n\n\n<ul class=\"wp-block-list has-text-justified\">\n<li class=\"translation-block\">We manage your cross-border flows to Europe, relying on an audited and efficient European road transport network.<\/li>\n\n\n\n<li class=\"translation-block\">Our international freight specialists optimise routes and manage the specific regulations of each country in the European Union and beyond.<\/li>\n<\/ul>\n\n\n\n<h3 class=\"wp-block-heading title has-text-orange is-size-4-desktop is-size-5-touch\">International Transport Compliance and Safety<\/h3>\n\n\n\n<ul class=\"wp-block-list has-text-justified\">\n<li class=\"translation-block\">Customs Compliance: We secure your crossings at borders outside the EU (Switzerland, United Kingdom, etc.) by managing all necessary documents, including the CMR consignment note and transit formalities (T-documents).<\/li>\n\n\n\n<li class=\"translation-block\"><strong>Secure Freight:<\/strong> Our fleet and partners are subject to strict <strong>road safety<\/strong> standards. We ensure the <strong>secure transport<\/strong> of your high-value goods.<\/li>\n<\/ul>\n\n\n\n<h2 class=\"wp-block-heading title has-text-primary is-size-3-desktop is-size-4-touch\">Expertise and Value-Added Services<\/h2>\n\n\n\n<h3 class=\"wp-block-heading title has-text-orange is-size-4-desktop is-size-5-touch\">Management of Specialised Shipments and ADR<\/h3>\n\n\n\n<ul class=\"wp-block-list has-text-justified\">\n<li class=\"translation-block\">We have the expertise required for the road transport of goods requiring special conditions and the complex management of the transport of dangerous goods (ADR).<\/li>\n\n\n\n<li class=\"translation-block\">Our ongoing regulatory monitoring ensures that your freight always complies with applicable laws, minimising the risk of delays.<\/li>\n<\/ul>\n\n\n\n<h3 class=\"wp-block-heading title has-text-orange is-size-4-desktop is-size-5-touch\">Supply Chain Optimisation and Transparency<\/h3>\n\n\n\n<ul class=\"wp-block-list has-text-justified\">\n<li class=\"translation-block\">We use geolocation tools for real-time <strong>road freight tracking<\/strong>.<\/li>\n\n\n\n<li class=\"translation-block\">Our approach to green logistics includes optimising loads and routes to reduce the carbon footprint of your road transport.<\/li>\n<\/ul>","protected":false},"excerpt":{"rendered":"<p>Le transport routier de marchandises est l\u2019art\u00e8re vitale de la cha\u00eene d\u2019approvisionnement moderne. Pour garantir l\u2019efficacit\u00e9 de votre logistique en France et \u00e0 l\u2019international, vous avez besoin d\u2019un partenaire ma\u00eetrisant&#8230; <a class=\"read-more\" href=\"https:\/\/douglas-humblot.fr\/en\/nos-services\/transport-routier\/\">Read more<\/a><\/p>","protected":false},"author":1,"featured_media":194,"parent":19,"menu_order":0,"comment_status":"closed","ping_status":"closed","template":"","meta":{"inline_featured_image":false,"footnotes":""},"class_list":["post-21","page","type-page","status-publish","has-post-thumbnail","hentry"],"yoast_head":"<!-- This site is optimized with the Yoast SEO plugin v27.3 - https:\/\/yoast.com\/product\/yoast-seo-wordpress\/ -->\n<title>Transport Routier National &amp; International - Humblot Global<\/title>\n<meta name=\"description\" content=\"Solutions compl\u00e8tes de transport routier (FTL, LTL, messagerie ) en France et Europe. Fret s\u00e9curis\u00e9, conformit\u00e9 douani\u00e8re et optimisation logistique avec Humblot Global.\" \/>\n<meta name=\"robots\" content=\"index, follow, max-snippet:-1, max-image-preview:large, max-video-preview:-1\" \/>\n<link rel=\"canonical\" href=\"https:\/\/douglas-humblot.fr\/en\/nos-services\/transport-routier\/\" \/>\n<meta property=\"og:locale\" content=\"en_GB\" \/>\n<meta property=\"og:type\" content=\"article\" \/>\n<meta property=\"og:title\" content=\"Transport Routier National &amp; International - Humblot Global\" \/>\n<meta property=\"og:description\" content=\"Solutions compl\u00e8tes de transport routier (FTL, LTL, messagerie ) en France et Europe. Fret s\u00e9curis\u00e9, conformit\u00e9 douani\u00e8re et optimisation logistique avec Humblot Global.\" \/>\n<meta property=\"og:url\" content=\"https:\/\/douglas-humblot.fr\/en\/nos-services\/transport-routier\/\" \/>\n<meta property=\"og:site_name\" content=\"Humblot Global\" \/>\n<meta property=\"article:modified_time\" content=\"2026-02-12T14:19:11+00:00\" \/>\n<meta property=\"og:image\" content=\"https:\/\/douglas-humblot.fr\/wp-content\/uploads\/humblot-camion-1.jpg\" \/>\n\t<meta property=\"og:image:width\" content=\"1920\" \/>\n\t<meta property=\"og:image:height\" content=\"1080\" \/>\n\t<meta property=\"og:image:type\" content=\"image\/jpeg\" \/>\n<meta name=\"twitter:card\" content=\"summary_large_image\" \/>\n<meta name=\"twitter:label1\" content=\"Estimated reading time\" \/>\n\t<meta name=\"twitter:data1\" content=\"3 minutes\" \/>\n<script type=\"application\/ld+json\" class=\"yoast-schema-graph\">{\"@context\":\"https:\\\/\\\/schema.org\",\"@graph\":[{\"@type\":\"WebPage\",\"@id\":\"https:\\\/\\\/douglas-humblot.fr\\\/nos-services\\\/transport-routier\\\/\",\"url\":\"https:\\\/\\\/douglas-humblot.fr\\\/nos-services\\\/transport-routier\\\/\",\"name\":\"Transport Routier National & International - Humblot Global\",\"isPartOf\":{\"@id\":\"https:\\\/\\\/douglas-humblot.fr\\\/#website\"},\"primaryImageOfPage\":{\"@id\":\"https:\\\/\\\/douglas-humblot.fr\\\/nos-services\\\/transport-routier\\\/#primaryimage\"},\"image\":{\"@id\":\"https:\\\/\\\/douglas-humblot.fr\\\/nos-services\\\/transport-routier\\\/#primaryimage\"},\"thumbnailUrl\":\"https:\\\/\\\/douglas-humblot.fr\\\/wp-content\\\/uploads\\\/humblot-camion-1.jpg\",\"datePublished\":\"2025-11-17T08:56:33+00:00\",\"dateModified\":\"2026-02-12T14:19:11+00:00\",\"description\":\"Solutions compl\u00e8tes de transport routier (FTL, LTL, messagerie ) en France et Europe. Fret s\u00e9curis\u00e9, conformit\u00e9 douani\u00e8re et optimisation logistique avec Humblot Global.\",\"breadcrumb\":{\"@id\":\"https:\\\/\\\/douglas-humblot.fr\\\/nos-services\\\/transport-routier\\\/#breadcrumb\"},\"inLanguage\":\"en-GB\",\"potentialAction\":[{\"@type\":\"ReadAction\",\"target\":[\"https:\\\/\\\/douglas-humblot.fr\\\/nos-services\\\/transport-routier\\\/\"]}]},{\"@type\":\"ImageObject\",\"inLanguage\":\"en-GB\",\"@id\":\"https:\\\/\\\/douglas-humblot.fr\\\/nos-services\\\/transport-routier\\\/#primaryimage\",\"url\":\"https:\\\/\\\/douglas-humblot.fr\\\/wp-content\\\/uploads\\\/humblot-camion-1.jpg\",\"contentUrl\":\"https:\\\/\\\/douglas-humblot.fr\\\/wp-content\\\/uploads\\\/humblot-camion-1.jpg\",\"width\":1920,\"height\":1080,\"caption\":\"Camion Humblot Global\"},{\"@type\":\"BreadcrumbList\",\"@id\":\"https:\\\/\\\/douglas-humblot.fr\\\/nos-services\\\/transport-routier\\\/#breadcrumb\",\"itemListElement\":[{\"@type\":\"ListItem\",\"position\":1,\"name\":\"Accueil\",\"item\":\"https:\\\/\\\/douglas-humblot.fr\\\/\"},{\"@type\":\"ListItem\",\"position\":2,\"name\":\"Nos services\",\"item\":\"https:\\\/\\\/douglas-humblot.fr\\\/nos-services\\\/\"},{\"@type\":\"ListItem\",\"position\":3,\"name\":\"Transport routier\"}]},{\"@type\":\"WebSite\",\"@id\":\"https:\\\/\\\/douglas-humblot.fr\\\/#website\",\"url\":\"https:\\\/\\\/douglas-humblot.fr\\\/\",\"name\":\"Humblot Global\",\"description\":\"Affr\u00e8tement international\",\"publisher\":{\"@id\":\"https:\\\/\\\/douglas-humblot.fr\\\/#organization\"},\"alternateName\":\"Humblot Global\",\"potentialAction\":[{\"@type\":\"SearchAction\",\"target\":{\"@type\":\"EntryPoint\",\"urlTemplate\":\"https:\\\/\\\/douglas-humblot.fr\\\/?s={search_term_string}\"},\"query-input\":{\"@type\":\"PropertyValueSpecification\",\"valueRequired\":true,\"valueName\":\"search_term_string\"}}],\"inLanguage\":\"en-GB\"},{\"@type\":\"Organization\",\"@id\":\"https:\\\/\\\/douglas-humblot.fr\\\/#organization\",\"name\":\"Humblot Global\",\"alternateName\":\"Humblot Global\",\"url\":\"https:\\\/\\\/douglas-humblot.fr\\\/\",\"logo\":{\"@type\":\"ImageObject\",\"inLanguage\":\"en-GB\",\"@id\":\"https:\\\/\\\/douglas-humblot.fr\\\/#\\\/schema\\\/logo\\\/image\\\/\",\"url\":\"https:\\\/\\\/douglas-humblot.fr\\\/wp-content\\\/uploads\\\/logo-Humblot.svg\",\"contentUrl\":\"https:\\\/\\\/douglas-humblot.fr\\\/wp-content\\\/uploads\\\/logo-Humblot.svg\",\"caption\":\"Humblot Global\"},\"image\":{\"@id\":\"https:\\\/\\\/douglas-humblot.fr\\\/#\\\/schema\\\/logo\\\/image\\\/\"}}]}<\/script>\n<!-- \/ Yoast SEO plugin. -->","yoast_head_json":{"title":"Transport Routier National & International - Humblot Global","description":"Solutions compl\u00e8tes de transport routier (FTL, LTL, messagerie ) en France et Europe. Fret s\u00e9curis\u00e9, conformit\u00e9 douani\u00e8re et optimisation logistique avec Humblot Global.","robots":{"index":"index","follow":"follow","max-snippet":"max-snippet:-1","max-image-preview":"max-image-preview:large","max-video-preview":"max-video-preview:-1"},"canonical":"https:\/\/douglas-humblot.fr\/en\/nos-services\/transport-routier\/","og_locale":"en_GB","og_type":"article","og_title":"Transport Routier National & International - Humblot Global","og_description":"Solutions compl\u00e8tes de transport routier (FTL, LTL, messagerie ) en France et Europe. Fret s\u00e9curis\u00e9, conformit\u00e9 douani\u00e8re et optimisation logistique avec Humblot Global.","og_url":"https:\/\/douglas-humblot.fr\/en\/nos-services\/transport-routier\/","og_site_name":"Humblot Global","article_modified_time":"2026-02-12T14:19:11+00:00","og_image":[{"width":1920,"height":1080,"url":"https:\/\/douglas-humblot.fr\/wp-content\/uploads\/humblot-camion-1.jpg","type":"image\/jpeg"}],"twitter_card":"summary_large_image","twitter_misc":{"Estimated reading time":"3 minutes"},"schema":{"@context":"https:\/\/schema.org","@graph":[{"@type":"WebPage","@id":"https:\/\/douglas-humblot.fr\/nos-services\/transport-routier\/","url":"https:\/\/douglas-humblot.fr\/nos-services\/transport-routier\/","name":"Transport Routier National & International - Humblot Global","isPartOf":{"@id":"https:\/\/douglas-humblot.fr\/#website"},"primaryImageOfPage":{"@id":"https:\/\/douglas-humblot.fr\/nos-services\/transport-routier\/#primaryimage"},"image":{"@id":"https:\/\/douglas-humblot.fr\/nos-services\/transport-routier\/#primaryimage"},"thumbnailUrl":"https:\/\/douglas-humblot.fr\/wp-content\/uploads\/humblot-camion-1.jpg","datePublished":"2025-11-17T08:56:33+00:00","dateModified":"2026-02-12T14:19:11+00:00","description":"Solutions compl\u00e8tes de transport routier (FTL, LTL, messagerie ) en France et Europe. Fret s\u00e9curis\u00e9, conformit\u00e9 douani\u00e8re et optimisation logistique avec Humblot Global.","breadcrumb":{"@id":"https:\/\/douglas-humblot.fr\/nos-services\/transport-routier\/#breadcrumb"},"inLanguage":"en-GB","potentialAction":[{"@type":"ReadAction","target":["https:\/\/douglas-humblot.fr\/nos-services\/transport-routier\/"]}]},{"@type":"ImageObject","inLanguage":"en-GB","@id":"https:\/\/douglas-humblot.fr\/nos-services\/transport-routier\/#primaryimage","url":"https:\/\/douglas-humblot.fr\/wp-content\/uploads\/humblot-camion-1.jpg","contentUrl":"https:\/\/douglas-humblot.fr\/wp-content\/uploads\/humblot-camion-1.jpg","width":1920,"height":1080,"caption":"Camion Humblot Global"},{"@type":"BreadcrumbList","@id":"https:\/\/douglas-humblot.fr\/nos-services\/transport-routier\/#breadcrumb","itemListElement":[{"@type":"ListItem","position":1,"name":"Accueil","item":"https:\/\/douglas-humblot.fr\/"},{"@type":"ListItem","position":2,"name":"Nos services","item":"https:\/\/douglas-humblot.fr\/nos-services\/"},{"@type":"ListItem","position":3,"name":"Transport routier"}]},{"@type":"WebSite","@id":"https:\/\/douglas-humblot.fr\/#website","url":"https:\/\/douglas-humblot.fr\/","name":"Humblot Global","description":"Affr\u00e8tement international","publisher":{"@id":"https:\/\/douglas-humblot.fr\/#organization"},"alternateName":"Humblot Global","potentialAction":[{"@type":"SearchAction","target":{"@type":"EntryPoint","urlTemplate":"https:\/\/douglas-humblot.fr\/?s={search_term_string}"},"query-input":{"@type":"PropertyValueSpecification","valueRequired":true,"valueName":"search_term_string"}}],"inLanguage":"en-GB"},{"@type":"Organization","@id":"https:\/\/douglas-humblot.fr\/#organization","name":"Humblot Global","alternateName":"Humblot Global","url":"https:\/\/douglas-humblot.fr\/","logo":{"@type":"ImageObject","inLanguage":"en-GB","@id":"https:\/\/douglas-humblot.fr\/#\/schema\/logo\/image\/","url":"https:\/\/douglas-humblot.fr\/wp-content\/uploads\/logo-Humblot.svg","contentUrl":"https:\/\/douglas-humblot.fr\/wp-content\/uploads\/logo-Humblot.svg","caption":"Humblot Global"},"image":{"@id":"https:\/\/douglas-humblot.fr\/#\/schema\/logo\/image\/"}}]}},"_links":{"self":[{"href":"https:\/\/douglas-humblot.fr\/en\/wp-json\/wp\/v2\/pages\/21","targetHints":{"allow":["GET"]}}],"collection":[{"href":"https:\/\/douglas-humblot.fr\/en\/wp-json\/wp\/v2\/pages"}],"about":[{"href":"https:\/\/douglas-humblot.fr\/en\/wp-json\/wp\/v2\/types\/page"}],"author":[{"embeddable":true,"href":"https:\/\/douglas-humblot.fr\/en\/wp-json\/wp\/v2\/users\/1"}],"replies":[{"embeddable":true,"href":"https:\/\/douglas-humblot.fr\/en\/wp-json\/wp\/v2\/comments?post=21"}],"version-history":[{"count":8,"href":"https:\/\/douglas-humblot.fr\/en\/wp-json\/wp\/v2\/pages\/21\/revisions"}],"predecessor-version":[{"id":136,"href":"https:\/\/douglas-humblot.fr\/en\/wp-json\/wp\/v2\/pages\/21\/revisions\/136"}],"up":[{"embeddable":true,"href":"https:\/\/douglas-humblot.fr\/en\/wp-json\/wp\/v2\/pages\/19"}],"wp:featuredmedia":[{"embeddable":true,"href":"https:\/\/douglas-humblot.fr\/en\/wp-json\/wp\/v2\/media\/194"}],"wp:attachment":[{"href":"https:\/\/douglas-humblot.fr\/en\/wp-json\/wp\/v2\/media?parent=21"}],"curies":[{"name":"wp","href":"https:\/\/api.w.org\/{rel}","templated":true}]}}