{"id":19,"date":"2025-11-17T09:56:23","date_gmt":"2025-11-17T08:56:23","guid":{"rendered":"https:\/\/douglas-humblot.fr\/?page_id=19"},"modified":"2026-02-10T14:14:27","modified_gmt":"2026-02-10T13:14:27","slug":"nos-services","status":"publish","type":"page","link":"https:\/\/douglas-humblot.fr\/en\/nos-services\/","title":{"rendered":"Our services"},"content":{"rendered":"","protected":false},"excerpt":{"rendered":"","protected":false},"author":1,"featured_media":0,"parent":0,"menu_order":0,"comment_status":"closed","ping_status":"closed","template":"","meta":{"inline_featured_image":false,"footnotes":""},"class_list":["post-19","page","type-page","status-publish","hentry","no-thumbnail"],"yoast_head":"<!-- This site is optimized with the Yoast SEO plugin v27.3 - https:\/\/yoast.com\/product\/yoast-seo-wordpress\/ -->\n<title>Nos Solutions de Transport - Humblot Global<\/title>\n<meta name=\"description\" content=\"Explorez les services de transport complets d&#039;Humblot Global : routier, maritime, a\u00e9rien, ferroviaire, transport d&#039;acier et solutions logistiques d\u00e9di\u00e9es pour vos besoins.\" \/>\n<meta name=\"robots\" content=\"index, follow, max-snippet:-1, max-image-preview:large, max-video-preview:-1\" \/>\n<link rel=\"canonical\" href=\"https:\/\/douglas-humblot.fr\/en\/nos-services\/\" \/>\n<meta property=\"og:locale\" content=\"en_GB\" \/>\n<meta property=\"og:type\" content=\"article\" \/>\n<meta property=\"og:title\" content=\"Nos Solutions de Transport - Humblot Global\" \/>\n<meta property=\"og:description\" content=\"Explorez les services de transport complets d&#039;Humblot Global : routier, maritime, a\u00e9rien, ferroviaire, transport d&#039;acier et solutions logistiques d\u00e9di\u00e9es pour vos besoins.\" \/>\n<meta property=\"og:url\" content=\"https:\/\/douglas-humblot.fr\/en\/nos-services\/\" \/>\n<meta property=\"og:site_name\" content=\"Humblot Global\" \/>\n<meta property=\"article:modified_time\" content=\"2026-02-10T13:14:27+00:00\" \/>\n<meta name=\"twitter:card\" content=\"summary_large_image\" \/>\n<script type=\"application\/ld+json\" class=\"yoast-schema-graph\">{\"@context\":\"https:\\\/\\\/schema.org\",\"@graph\":[{\"@type\":\"WebPage\",\"@id\":\"https:\\\/\\\/douglas-humblot.fr\\\/nos-services\\\/\",\"url\":\"https:\\\/\\\/douglas-humblot.fr\\\/nos-services\\\/\",\"name\":\"Nos Solutions de Transport - Humblot Global\",\"isPartOf\":{\"@id\":\"https:\\\/\\\/douglas-humblot.fr\\\/#website\"},\"datePublished\":\"2025-11-17T08:56:23+00:00\",\"dateModified\":\"2026-02-10T13:14:27+00:00\",\"description\":\"Explorez les services de transport complets d'Humblot Global : routier, maritime, a\u00e9rien, ferroviaire, transport d'acier et solutions logistiques d\u00e9di\u00e9es pour vos besoins.\",\"breadcrumb\":{\"@id\":\"https:\\\/\\\/douglas-humblot.fr\\\/nos-services\\\/#breadcrumb\"},\"inLanguage\":\"en-GB\",\"potentialAction\":[{\"@type\":\"ReadAction\",\"target\":[\"https:\\\/\\\/douglas-humblot.fr\\\/nos-services\\\/\"]}]},{\"@type\":\"BreadcrumbList\",\"@id\":\"https:\\\/\\\/douglas-humblot.fr\\\/nos-services\\\/#breadcrumb\",\"itemListElement\":[{\"@type\":\"ListItem\",\"position\":1,\"name\":\"Accueil\",\"item\":\"https:\\\/\\\/douglas-humblot.fr\\\/\"},{\"@type\":\"ListItem\",\"position\":2,\"name\":\"Nos services\"}]},{\"@type\":\"WebSite\",\"@id\":\"https:\\\/\\\/douglas-humblot.fr\\\/#website\",\"url\":\"https:\\\/\\\/douglas-humblot.fr\\\/\",\"name\":\"Humblot Global\",\"description\":\"Affr\u00e8tement international\",\"publisher\":{\"@id\":\"https:\\\/\\\/douglas-humblot.fr\\\/#organization\"},\"alternateName\":\"Humblot Global\",\"potentialAction\":[{\"@type\":\"SearchAction\",\"target\":{\"@type\":\"EntryPoint\",\"urlTemplate\":\"https:\\\/\\\/douglas-humblot.fr\\\/?s={search_term_string}\"},\"query-input\":{\"@type\":\"PropertyValueSpecification\",\"valueRequired\":true,\"valueName\":\"search_term_string\"}}],\"inLanguage\":\"en-GB\"},{\"@type\":\"Organization\",\"@id\":\"https:\\\/\\\/douglas-humblot.fr\\\/#organization\",\"name\":\"Humblot Global\",\"alternateName\":\"Humblot Global\",\"url\":\"https:\\\/\\\/douglas-humblot.fr\\\/\",\"logo\":{\"@type\":\"ImageObject\",\"inLanguage\":\"en-GB\",\"@id\":\"https:\\\/\\\/douglas-humblot.fr\\\/#\\\/schema\\\/logo\\\/image\\\/\",\"url\":\"https:\\\/\\\/douglas-humblot.fr\\\/wp-content\\\/uploads\\\/logo-Humblot.svg\",\"contentUrl\":\"https:\\\/\\\/douglas-humblot.fr\\\/wp-content\\\/uploads\\\/logo-Humblot.svg\",\"caption\":\"Humblot Global\"},\"image\":{\"@id\":\"https:\\\/\\\/douglas-humblot.fr\\\/#\\\/schema\\\/logo\\\/image\\\/\"}}]}<\/script>\n<!-- \/ Yoast SEO plugin. -->","yoast_head_json":{"title":"Nos Solutions de Transport - Humblot Global","description":"Explorez les services de transport complets d'Humblot Global : routier, maritime, a\u00e9rien, ferroviaire, transport d'acier et solutions logistiques d\u00e9di\u00e9es pour vos besoins.","robots":{"index":"index","follow":"follow","max-snippet":"max-snippet:-1","max-image-preview":"max-image-preview:large","max-video-preview":"max-video-preview:-1"},"canonical":"https:\/\/douglas-humblot.fr\/en\/nos-services\/","og_locale":"en_GB","og_type":"article","og_title":"Nos Solutions de Transport - Humblot Global","og_description":"Explorez les services de transport complets d'Humblot Global : routier, maritime, a\u00e9rien, ferroviaire, transport d'acier et solutions logistiques d\u00e9di\u00e9es pour vos besoins.","og_url":"https:\/\/douglas-humblot.fr\/en\/nos-services\/","og_site_name":"Humblot Global","article_modified_time":"2026-02-10T13:14:27+00:00","twitter_card":"summary_large_image","schema":{"@context":"https:\/\/schema.org","@graph":[{"@type":"WebPage","@id":"https:\/\/douglas-humblot.fr\/nos-services\/","url":"https:\/\/douglas-humblot.fr\/nos-services\/","name":"Nos Solutions de Transport - Humblot Global","isPartOf":{"@id":"https:\/\/douglas-humblot.fr\/#website"},"datePublished":"2025-11-17T08:56:23+00:00","dateModified":"2026-02-10T13:14:27+00:00","description":"Explorez les services de transport complets d'Humblot Global : routier, maritime, a\u00e9rien, ferroviaire, transport d'acier et solutions logistiques d\u00e9di\u00e9es pour vos besoins.","breadcrumb":{"@id":"https:\/\/douglas-humblot.fr\/nos-services\/#breadcrumb"},"inLanguage":"en-GB","potentialAction":[{"@type":"ReadAction","target":["https:\/\/douglas-humblot.fr\/nos-services\/"]}]},{"@type":"BreadcrumbList","@id":"https:\/\/douglas-humblot.fr\/nos-services\/#breadcrumb","itemListElement":[{"@type":"ListItem","position":1,"name":"Accueil","item":"https:\/\/douglas-humblot.fr\/"},{"@type":"ListItem","position":2,"name":"Nos services"}]},{"@type":"WebSite","@id":"https:\/\/douglas-humblot.fr\/#website","url":"https:\/\/douglas-humblot.fr\/","name":"Humblot Global","description":"Affr\u00e8tement international","publisher":{"@id":"https:\/\/douglas-humblot.fr\/#organization"},"alternateName":"Humblot Global","potentialAction":[{"@type":"SearchAction","target":{"@type":"EntryPoint","urlTemplate":"https:\/\/douglas-humblot.fr\/?s={search_term_string}"},"query-input":{"@type":"PropertyValueSpecification","valueRequired":true,"valueName":"search_term_string"}}],"inLanguage":"en-GB"},{"@type":"Organization","@id":"https:\/\/douglas-humblot.fr\/#organization","name":"Humblot Global","alternateName":"Humblot Global","url":"https:\/\/douglas-humblot.fr\/","logo":{"@type":"ImageObject","inLanguage":"en-GB","@id":"https:\/\/douglas-humblot.fr\/#\/schema\/logo\/image\/","url":"https:\/\/douglas-humblot.fr\/wp-content\/uploads\/logo-Humblot.svg","contentUrl":"https:\/\/douglas-humblot.fr\/wp-content\/uploads\/logo-Humblot.svg","caption":"Humblot Global"},"image":{"@id":"https:\/\/douglas-humblot.fr\/#\/schema\/logo\/image\/"}}]}},"_links":{"self":[{"href":"https:\/\/douglas-humblot.fr\/en\/wp-json\/wp\/v2\/pages\/19","targetHints":{"allow":["GET"]}}],"collection":[{"href":"https:\/\/douglas-humblot.fr\/en\/wp-json\/wp\/v2\/pages"}],"about":[{"href":"https:\/\/douglas-humblot.fr\/en\/wp-json\/wp\/v2\/types\/page"}],"author":[{"embeddable":true,"href":"https:\/\/douglas-humblot.fr\/en\/wp-json\/wp\/v2\/users\/1"}],"replies":[{"embeddable":true,"href":"https:\/\/douglas-humblot.fr\/en\/wp-json\/wp\/v2\/comments?post=19"}],"version-history":[{"count":2,"href":"https:\/\/douglas-humblot.fr\/en\/wp-json\/wp\/v2\/pages\/19\/revisions"}],"predecessor-version":[{"id":131,"href":"https:\/\/douglas-humblot.fr\/en\/wp-json\/wp\/v2\/pages\/19\/revisions\/131"}],"wp:attachment":[{"href":"https:\/\/douglas-humblot.fr\/en\/wp-json\/wp\/v2\/media?parent=19"}],"curies":[{"name":"wp","href":"https:\/\/api.w.org\/{rel}","templated":true}]}}