{"id":180,"date":"2026-02-06T13:58:35","date_gmt":"2026-02-06T12:58:35","guid":{"rendered":"https:\/\/douglas-humblot.fr\/?page_id=180"},"modified":"2026-02-10T14:12:49","modified_gmt":"2026-02-10T13:12:49","slug":"mentions-legales","status":"publish","type":"page","link":"https:\/\/douglas-humblot.fr\/en\/mentions-legales\/","title":{"rendered":"Legal notices"},"content":{"rendered":"<h2 class=\"wp-block-heading title has-text-primary is-size-3-desktop is-size-4-touch\">Website publisher<\/h2>\n\n\n\n<p class=\"has-text-justified\"><strong>Humblot Global<\/strong><br>97 route de crechy<br>03150 Varennes-sur-Allier<br>France<\/p>\n\n\n\n<p class=\"has-text-justified\"><strong>Phone <\/strong>:<br>Duncan : <a href=\"tel:+33649466018\" target=\"_blank\" rel=\"noopener noreferrer\"><\/a><a href=\"tel:+33649466018\" target=\"_blank\" rel=\"noopener noreferrer\">06 49 46 60 18<\/a><br>Douglas : <a href=\"tel:+33628341852\" target=\"_blank\" rel=\"noopener noreferrer\"><\/a><a href=\"tel:+33628341852\" target=\"_blank\" rel=\"noopener noreferrer\">06 28 34 18 52<\/a><\/p>\n\n\n\n<p class=\"has-text-justified\">Publishing Director : Douglas Humblot<\/p>\n\n\n\n<h2 class=\"wp-block-heading title has-text-primary is-size-3-desktop is-size-4-touch\">Hosting<\/h2>\n\n\n\n<p class=\"has-text-justified\">HOSTINGER operations, UAB<br>\u0160vitrigailos str. 34, Vilnius 03230 Lithuania<br>Phone: <a href=\"tel:+37064503378\" target=\"_blank\" rel=\"noopener noreferrer\">+37064503378<\/a><br>Email: <a href=\"mailto:domains@hostinger.com\" target=\"_blank\" rel=\"noopener noreferrer\">domains@hostinger.com<\/a><\/p>\n\n\n\n<h2 class=\"wp-block-heading title has-text-primary is-size-3-desktop is-size-4-touch\">Design and production<\/h2>\n\n\n\n<p class=\"has-text-justified\">Yaka (<a href=\"https:\/\/yaka-crea.fr\" target=\"_blank\" rel=\"noreferrer noopener\">https:\/\/yaka-crea.fr<\/a>)<\/p>\n\n\n\n<h2 class=\"wp-block-heading title has-text-primary is-size-3-desktop is-size-4-touch\">Intellectual property<\/h2>\n\n\n\n<p class=\"has-text-justified\">All content on this website (text, images, logos) is the property of Humblot Global, unless otherwise stated. Any reproduction, even partial, is prohibited without prior authorisation.<\/p>\n\n\n\n<h2 class=\"wp-block-heading title has-text-primary is-size-3-desktop is-size-4-touch\">Photo credits<\/h2>\n\n\n\n<p class=\"has-text-justified\">Some photographs are from Unsplash :<\/p>\n\n\n\n<ul class=\"wp-block-list has-text-justified\">\n<li>Photo by <a href=\"https:\/\/unsplash.com\/@graphicnode\" target=\"_blank\" rel=\"noopener noreferrer\"><\/a><a href=\"https:\/\/unsplash.com\/fr\/@william07?utm_source=unsplash&amp;utm_medium=referral&amp;utm_content=creditCopyText\" target=\"_blank\" rel=\"noopener noreferrer\">william william<\/a> on <a href=\"https:\/\/unsplash.com\/fr\/photos\/personnes-debout-pres-dun-parasol-entoure-detals-de-fruits-et-legumes-N-AC7tTcD-c\" target=\"_blank\" rel=\"noopener noreferrer\"><\/a><a href=\"https:\/\/unsplash.com\/fr\/photos\/cargo-rouge-et-bleu-sur-plan-deau-pendant-la-journee-NndKt2kF1L4?utm_source=unsplash&amp;utm_medium=referral&amp;utm_content=creditCopyText\" target=\"_blank\" rel=\"noopener noreferrer\">Unsplash<\/a><\/li>\n\n\n\n<li>Photo by <a href=\"https:\/\/unsplash.com\/@makewithjames\" target=\"_blank\" rel=\"noopener noreferrer\"><\/a><a href=\"https:\/\/unsplash.com\/fr\/@starocker?utm_source=unsplash&amp;utm_medium=referral&amp;utm_content=creditCopyText\" target=\"_blank\" rel=\"noopener noreferrer\">Rocker Sta<\/a> on <a href=\"https:\/\/unsplash.com\/fr\/photos\/un-groupe-de-personnes-debout-autour-dun-marche-XKh4rNZzeWo\" target=\"_blank\" rel=\"noopener noreferrer\"><\/a><a href=\"https:\/\/unsplash.com\/fr\/photos\/avion-gris-sur-le-parking-RSYBi_1fhfM?utm_source=unsplash&amp;utm_medium=referral&amp;utm_content=creditCopyText\" target=\"_blank\" rel=\"noopener noreferrer\">Unsplash<\/a><\/li>\n\n\n\n<li>Photo by <a href=\"https:\/\/unsplash.com\/@juliesdfg\" target=\"_blank\" rel=\"noopener noreferrer\"><\/a><a href=\"https:\/\/unsplash.com\/fr\/@mkumbwajr?utm_source=unsplash&amp;utm_medium=referral&amp;utm_content=creditCopyText\" target=\"_blank\" rel=\"noopener noreferrer\">Ali Mkumbwa<\/a> on <a href=\"https:\/\/unsplash.com\/fr\/photos\/un-groupe-de-verres-a-vin-assis-sur-une-table-fDTv0BqaiFw\" target=\"_blank\" rel=\"noopener noreferrer\"><\/a><a href=\"https:\/\/unsplash.com\/fr\/photos\/une-grande-pile-de-cartons-dans-un-entrepot-DU2ybvshovg?utm_source=unsplash&amp;utm_medium=referral&amp;utm_content=creditCopyText\" target=\"_blank\" rel=\"noopener noreferrer\">Unsplash<\/a><\/li>\n\n\n\n<li>Photo by <a href=\"https:\/\/unsplash.com\/fr\/@guibolduc?utm_source=unsplash&amp;utm_medium=referral&amp;utm_content=creditCopyText\" target=\"_blank\" rel=\"noopener noreferrer\">Guillaume Bolduc<\/a> on <a href=\"https:\/\/unsplash.com\/fr\/photos\/pile-de-remorque-de-cargaison-uBe2mknURG4?utm_source=unsplash&amp;utm_medium=referral&amp;utm_content=creditCopyText\" target=\"_blank\" rel=\"noopener noreferrer\">Unsplash<\/a><\/li>\n<\/ul>\n\n\n\n<p class=\"has-text-justified\">The other photographs are the property of Humblot Global.<\/p>\n\n\n\n<h2 class=\"wp-block-heading title has-text-primary is-size-3-desktop is-size-4-touch\">Personal data<\/h2>\n\n\n\n<p class=\"has-text-justified\">In accordance with the GDPR and the French Data Protection Act, you have the right to access, rectify and delete data concerning you. To exercise these rights, please contact us using the contact details above.<\/p>\n\n\n\n<p class=\"has-text-justified translation-block\">Please see our <a href=\"https:\/\/douglas-humblot.fr\/en\/politique-de-confidentialite\/\" data-type=\"\u2018page\u2019\" data-id=\"\u20183\u2019\" target=\"_self\">Privacy Policy<\/a> for more information.<\/p>\n\n\n\n<hr class=\"wp-block-separator has-alpha-channel-opacity\">\n\n\n\n<p class=\"has-text-justified\"><em>Derni\u00e8re mise \u00e0 jour : 6 f\u00e9vrier 2026<\/em><\/p>","protected":false},"excerpt":{"rendered":"<p>\u00c9diteur du site Humblot Global97 route de crechy03150 Varennes-sur-AllierFrance T\u00e9l\u00e9phone :Duncan : 06 49 46 60 18Douglas : 06 28 34 18 52 Directeur de la publication : Douglas Humblot&#8230; <a class=\"read-more\" href=\"https:\/\/douglas-humblot.fr\/en\/mentions-legales\/\">Read more<\/a><\/p>","protected":false},"author":1,"featured_media":0,"parent":0,"menu_order":0,"comment_status":"closed","ping_status":"closed","template":"","meta":{"inline_featured_image":false,"footnotes":""},"class_list":["post-180","page","type-page","status-publish","hentry","no-thumbnail"],"yoast_head":"<!-- This site is optimized with the Yoast SEO plugin v27.3 - https:\/\/yoast.com\/product\/yoast-seo-wordpress\/ -->\n<title>Mentions l\u00e9gales - Humblot Global<\/title>\n<meta name=\"description\" content=\"Informations l\u00e9gales concernant le site Humblot Global : \u00e9diteur, h\u00e9bergement, propri\u00e9t\u00e9 intellectuelle et cr\u00e9dits.\" \/>\n<meta name=\"robots\" content=\"index, follow, max-snippet:-1, max-image-preview:large, max-video-preview:-1\" \/>\n<link rel=\"canonical\" href=\"https:\/\/douglas-humblot.fr\/en\/mentions-legales\/\" \/>\n<meta property=\"og:locale\" content=\"en_GB\" \/>\n<meta property=\"og:type\" content=\"article\" \/>\n<meta property=\"og:title\" content=\"Mentions l\u00e9gales - Humblot Global\" \/>\n<meta property=\"og:description\" content=\"Informations l\u00e9gales concernant le site Humblot Global : \u00e9diteur, h\u00e9bergement, propri\u00e9t\u00e9 intellectuelle et cr\u00e9dits.\" \/>\n<meta property=\"og:url\" content=\"https:\/\/douglas-humblot.fr\/en\/mentions-legales\/\" \/>\n<meta property=\"og:site_name\" content=\"Humblot Global\" \/>\n<meta property=\"article:modified_time\" content=\"2026-02-10T13:12:49+00:00\" \/>\n<meta name=\"twitter:card\" content=\"summary_large_image\" \/>\n<meta name=\"twitter:label1\" content=\"Estimated reading time\" \/>\n\t<meta name=\"twitter:data1\" content=\"1 minute\" \/>\n<script type=\"application\/ld+json\" class=\"yoast-schema-graph\">{\"@context\":\"https:\\\/\\\/schema.org\",\"@graph\":[{\"@type\":\"WebPage\",\"@id\":\"https:\\\/\\\/douglas-humblot.fr\\\/mentions-legales\\\/\",\"url\":\"https:\\\/\\\/douglas-humblot.fr\\\/mentions-legales\\\/\",\"name\":\"Mentions l\u00e9gales - Humblot Global\",\"isPartOf\":{\"@id\":\"https:\\\/\\\/douglas-humblot.fr\\\/#website\"},\"datePublished\":\"2026-02-06T12:58:35+00:00\",\"dateModified\":\"2026-02-10T13:12:49+00:00\",\"description\":\"Informations l\u00e9gales concernant le site Humblot Global : \u00e9diteur, h\u00e9bergement, propri\u00e9t\u00e9 intellectuelle et cr\u00e9dits.\",\"breadcrumb\":{\"@id\":\"https:\\\/\\\/douglas-humblot.fr\\\/mentions-legales\\\/#breadcrumb\"},\"inLanguage\":\"en-GB\",\"potentialAction\":[{\"@type\":\"ReadAction\",\"target\":[\"https:\\\/\\\/douglas-humblot.fr\\\/mentions-legales\\\/\"]}]},{\"@type\":\"BreadcrumbList\",\"@id\":\"https:\\\/\\\/douglas-humblot.fr\\\/mentions-legales\\\/#breadcrumb\",\"itemListElement\":[{\"@type\":\"ListItem\",\"position\":1,\"name\":\"Accueil\",\"item\":\"https:\\\/\\\/douglas-humblot.fr\\\/\"},{\"@type\":\"ListItem\",\"position\":2,\"name\":\"Mentions l\u00e9gales\"}]},{\"@type\":\"WebSite\",\"@id\":\"https:\\\/\\\/douglas-humblot.fr\\\/#website\",\"url\":\"https:\\\/\\\/douglas-humblot.fr\\\/\",\"name\":\"Humblot Global\",\"description\":\"Affr\u00e8tement international\",\"publisher\":{\"@id\":\"https:\\\/\\\/douglas-humblot.fr\\\/#organization\"},\"alternateName\":\"Humblot Global\",\"potentialAction\":[{\"@type\":\"SearchAction\",\"target\":{\"@type\":\"EntryPoint\",\"urlTemplate\":\"https:\\\/\\\/douglas-humblot.fr\\\/?s={search_term_string}\"},\"query-input\":{\"@type\":\"PropertyValueSpecification\",\"valueRequired\":true,\"valueName\":\"search_term_string\"}}],\"inLanguage\":\"en-GB\"},{\"@type\":\"Organization\",\"@id\":\"https:\\\/\\\/douglas-humblot.fr\\\/#organization\",\"name\":\"Humblot Global\",\"alternateName\":\"Humblot Global\",\"url\":\"https:\\\/\\\/douglas-humblot.fr\\\/\",\"logo\":{\"@type\":\"ImageObject\",\"inLanguage\":\"en-GB\",\"@id\":\"https:\\\/\\\/douglas-humblot.fr\\\/#\\\/schema\\\/logo\\\/image\\\/\",\"url\":\"https:\\\/\\\/douglas-humblot.fr\\\/wp-content\\\/uploads\\\/logo-Humblot.svg\",\"contentUrl\":\"https:\\\/\\\/douglas-humblot.fr\\\/wp-content\\\/uploads\\\/logo-Humblot.svg\",\"caption\":\"Humblot Global\"},\"image\":{\"@id\":\"https:\\\/\\\/douglas-humblot.fr\\\/#\\\/schema\\\/logo\\\/image\\\/\"}}]}<\/script>\n<!-- \/ Yoast SEO plugin. -->","yoast_head_json":{"title":"Mentions l\u00e9gales - Humblot Global","description":"Informations l\u00e9gales concernant le site Humblot Global : \u00e9diteur, h\u00e9bergement, propri\u00e9t\u00e9 intellectuelle et cr\u00e9dits.","robots":{"index":"index","follow":"follow","max-snippet":"max-snippet:-1","max-image-preview":"max-image-preview:large","max-video-preview":"max-video-preview:-1"},"canonical":"https:\/\/douglas-humblot.fr\/en\/mentions-legales\/","og_locale":"en_GB","og_type":"article","og_title":"Mentions l\u00e9gales - Humblot Global","og_description":"Informations l\u00e9gales concernant le site Humblot Global : \u00e9diteur, h\u00e9bergement, propri\u00e9t\u00e9 intellectuelle et cr\u00e9dits.","og_url":"https:\/\/douglas-humblot.fr\/en\/mentions-legales\/","og_site_name":"Humblot Global","article_modified_time":"2026-02-10T13:12:49+00:00","twitter_card":"summary_large_image","twitter_misc":{"Estimated reading time":"1 minute"},"schema":{"@context":"https:\/\/schema.org","@graph":[{"@type":"WebPage","@id":"https:\/\/douglas-humblot.fr\/mentions-legales\/","url":"https:\/\/douglas-humblot.fr\/mentions-legales\/","name":"Mentions l\u00e9gales - Humblot Global","isPartOf":{"@id":"https:\/\/douglas-humblot.fr\/#website"},"datePublished":"2026-02-06T12:58:35+00:00","dateModified":"2026-02-10T13:12:49+00:00","description":"Informations l\u00e9gales concernant le site Humblot Global : \u00e9diteur, h\u00e9bergement, propri\u00e9t\u00e9 intellectuelle et cr\u00e9dits.","breadcrumb":{"@id":"https:\/\/douglas-humblot.fr\/mentions-legales\/#breadcrumb"},"inLanguage":"en-GB","potentialAction":[{"@type":"ReadAction","target":["https:\/\/douglas-humblot.fr\/mentions-legales\/"]}]},{"@type":"BreadcrumbList","@id":"https:\/\/douglas-humblot.fr\/mentions-legales\/#breadcrumb","itemListElement":[{"@type":"ListItem","position":1,"name":"Accueil","item":"https:\/\/douglas-humblot.fr\/"},{"@type":"ListItem","position":2,"name":"Mentions l\u00e9gales"}]},{"@type":"WebSite","@id":"https:\/\/douglas-humblot.fr\/#website","url":"https:\/\/douglas-humblot.fr\/","name":"Humblot Global","description":"Affr\u00e8tement international","publisher":{"@id":"https:\/\/douglas-humblot.fr\/#organization"},"alternateName":"Humblot Global","potentialAction":[{"@type":"SearchAction","target":{"@type":"EntryPoint","urlTemplate":"https:\/\/douglas-humblot.fr\/?s={search_term_string}"},"query-input":{"@type":"PropertyValueSpecification","valueRequired":true,"valueName":"search_term_string"}}],"inLanguage":"en-GB"},{"@type":"Organization","@id":"https:\/\/douglas-humblot.fr\/#organization","name":"Humblot Global","alternateName":"Humblot Global","url":"https:\/\/douglas-humblot.fr\/","logo":{"@type":"ImageObject","inLanguage":"en-GB","@id":"https:\/\/douglas-humblot.fr\/#\/schema\/logo\/image\/","url":"https:\/\/douglas-humblot.fr\/wp-content\/uploads\/logo-Humblot.svg","contentUrl":"https:\/\/douglas-humblot.fr\/wp-content\/uploads\/logo-Humblot.svg","caption":"Humblot Global"},"image":{"@id":"https:\/\/douglas-humblot.fr\/#\/schema\/logo\/image\/"}}]}},"_links":{"self":[{"href":"https:\/\/douglas-humblot.fr\/en\/wp-json\/wp\/v2\/pages\/180","targetHints":{"allow":["GET"]}}],"collection":[{"href":"https:\/\/douglas-humblot.fr\/en\/wp-json\/wp\/v2\/pages"}],"about":[{"href":"https:\/\/douglas-humblot.fr\/en\/wp-json\/wp\/v2\/types\/page"}],"author":[{"embeddable":true,"href":"https:\/\/douglas-humblot.fr\/en\/wp-json\/wp\/v2\/users\/1"}],"replies":[{"embeddable":true,"href":"https:\/\/douglas-humblot.fr\/en\/wp-json\/wp\/v2\/comments?post=180"}],"version-history":[{"count":4,"href":"https:\/\/douglas-humblot.fr\/en\/wp-json\/wp\/v2\/pages\/180\/revisions"}],"predecessor-version":[{"id":189,"href":"https:\/\/douglas-humblot.fr\/en\/wp-json\/wp\/v2\/pages\/180\/revisions\/189"}],"wp:attachment":[{"href":"https:\/\/douglas-humblot.fr\/en\/wp-json\/wp\/v2\/media?parent=180"}],"curies":[{"name":"wp","href":"https:\/\/api.w.org\/{rel}","templated":true}]}}